{"id":65,"date":"2019-10-26T15:28:42","date_gmt":"2019-10-26T13:28:42","guid":{"rendered":"http:\/\/www.robertholcman.net\/\/?page_id=65"},"modified":"2023-02-02T11:30:26","modified_gmt":"2023-02-02T10:30:26","slug":"rapports-et-documents-de-lirdes","status":"publish","type":"page","link":"https:\/\/www.robertholcman.net\/index.php\/rapports-et-documents-de-lirdes\/","title":{"rendered":"Rapports et documents de l&rsquo;IRDES"},"content":{"rendered":"\n<p><em>L&rsquo;IRDES (Institut de recherche et documentation en \u00e9conomie de la  Sant\u00e9) est un organisme parapublic financ\u00e9 en grande partie par la  Caisse nationale d&rsquo;assurance maladie des travailleurs salari\u00e9s et des  mutuelles. Cet organisme poursuit un double but : compiler  des donn\u00e9es<\/em> <em>et les mettre \u00e0  disposition du public, notamment par le biais de son centre  de documentation ; produire des documents de travail, des rapports et des \u00e9tudes issus de recherches. Toujours sous&nbsp;l&rsquo;angle \u00e9conomique, l&rsquo;IRDES  aborde diff\u00e9rents th\u00e8mes : organisation, financement et r\u00e9gulation des  soins ambulatoires et hospitaliers, r\u00e9gulation des professions de sant\u00e9,  pratiques professionnelles ; \u00e9tat de sant\u00e9 de la population et ses  d\u00e9terminants, in\u00e9galit\u00e9s de sant\u00e9 et de recours aux soins, consommation  de m\u00e9dicaments, relations entre sant\u00e9 et march\u00e9 du travail ; assurance  maladie obligatoire et compl\u00e9mentaire, analyse des politiques et  r\u00e9formes mises en place, comparaisons des syst\u00e8mes de sant\u00e9.<\/em><\/p>\n\n\n\n<p class=\"has-text-align-center\" style=\"font-size:5px\">.<\/p>\n\n\n\n<p class=\"has-text-align-center\" style=\"font-size:1px\">d&#8230;<\/p>\n\n\n\n<p><a href=\"https:\/\/www.irdes.fr\/recherche\/documents-de-travail\/089-marche-de-la-complementaire-sante-inegalites-et-preferences-en-matiere-de-couverture.pdf\" target=\"_blank\" rel=\"noreferrer noopener\">March\u00e9 de la compl\u00e9mentaire sant\u00e9, in\u00e9galit\u00e9s et pr\u00e9f\u00e9rences en mati\u00e8re de couverture : les effets de la g\u00e9n\u00e9ralisation de la compl\u00e9mentaire sant\u00e9 d\u2019entreprise<\/a><br>(Document de travail, n\u00b0 89, octobre 2022)<\/p>\n\n\n\n<p><a href=\"https:\/\/www.irdes.fr\/recherche\/questions-d-economie-de-la-sante\/270-inegalites-territoriales-de-repartition-des-infirmieres-liberales.pdf\" target=\"_blank\" rel=\"noreferrer noopener\">In\u00e9galit\u00e9s territoriales de r\u00e9partition des infirmi\u00e8res lib\u00e9rales : quel impact des restrictions \u00e0 l\u2019installation en zones sur-denses et des incitations financi\u00e8res en zones sous-denses ?<\/a><br>(Questions d\u2019\u00e9conomie de la sant\u00e9, n\u00b0 270, juillet-ao\u00fbt 2022)<\/p>\n\n\n\n<p><a href=\"https:\/\/www.irdes.fr\/recherche\/rapports\/584-les-pratiques-paramedicales-en-soins-primaires-etude-qualitative.pdf\" target=\"_blank\" rel=\"noreferrer noopener\">Pratiques param\u00e9dicales en soins primaires. \u00c9tude qualitative aupr\u00e8s d&rsquo;infirmi\u00e8res, d&rsquo;aides-soignantes et d&rsquo;aides \u00e0 domicile<\/a><br>(Rapport de l&rsquo;IRDES, n\u00b0 584, novembre 2021)<\/p>\n\n\n\n<p><a rel=\"noreferrer noopener\" href=\"https:\/\/www.irdes.fr\/recherche\/questions-d-economie-de-la-sante\/269-les-soins-sans-consentement-et-les-pratiques-privatives-de-liberte-en-psychiatrie.pdf\" target=\"_blank\">Les soins sans consentement et les pratiques privatives de libert\u00e9 en psychiatrie: un objectif de r\u00e9duction qui reste \u00e0 atteindre<\/a><br>(Questions d&rsquo;\u00e9conomie de la sant\u00e9, n\u00b0 269, juin 2022)<\/p>\n\n\n\n<p><a href=\"https:\/\/www.irdes.fr\/recherche\/documents-de-travail\/088-soutenabilite-et-resilience-du-systeme-de-sante-fran\u00e7ais.pdf\" target=\"_blank\" rel=\"noreferrer noopener\">Soutenabilit\u00e9 et r\u00e9silience du syst\u00e8me de sant\u00e9 fran\u00e7ais<\/a><br>(Document de travail, n\u00b0 88, juin 2022)<\/p>\n\n\n\n<p><a href=\"https:\/\/www.irdes.fr\/recherche\/questions-d-economie-de-la-sante\/268-l-absence-de-couverture-par-une-complementaire-sante-en-france-en-2019.pdf\" target=\"_blank\" rel=\"noreferrer noopener\">L&rsquo;absence de couverture par une compl\u00e9mentaire sant\u00e9 en France en 2019. Premiers r\u00e9sultats de l&rsquo;Enqu\u00eate sant\u00e9 europ\u00e9enne (EHIS)<\/a><br>(Questions d&rsquo;\u00e9conomie de la sant\u00e9, n\u00b0 268, mai 2022)<\/p>\n\n\n\n<p><a href=\"https:\/\/www.irdes.fr\/recherche\/questions-d-economie-de-la-sante\/262-accompagner-le-renouvellement-de-l-action-publique-en-sante-au-niveau-regional.pdf\" target=\"_blank\" rel=\"noreferrer noopener\">Accompagner le renouvellement de l&rsquo;action publique en sant\u00e9 au niveau r\u00e9gional : des exp\u00e9rimentations nationales de l&rsquo;article 51 qui apprennent \u00e0 (d\u00e9)cadrer<\/a><br>(Questions d&rsquo;\u00e9conomie de la sant\u00e9, n\u00b0 262, octobre 2021)<\/p>\n\n\n\n<p><a href=\"https:\/\/www.irdes.fr\/recherche\/rapports\/582-comparaison-internationale-organisation-medecine-specialisee-innovations-allemagne-centres-de-soins-ambulatoires-interdisciplinaires.pdf\" target=\"_blank\" rel=\"noreferrer noopener\">Comparaison internationale de l&rsquo;organisation de la m\u00e9decine sp\u00e9cialis\u00e9e : innovations dans cinq pays. Allemagne. Des centres de soins ambulatoires interdisciplinaires \u00e0 Berlin (MVZ)<\/a><br>(Rapport de l\u2019IRDES, n\u00b0 582, octobre 2021)<\/p>\n\n\n\n<p><a href=\"https:\/\/www.irdes.fr\/recherche\/rapports\/580-comparaison-internationale-organisation-medecine-specialisee-innovations-etats-unis.pdf\" target=\"_blank\" rel=\"noreferrer noopener\">Comparaison internationale de l&rsquo;organisation de la m\u00e9decine sp\u00e9cialis\u00e9e : innovations dans cinq pays. \u00c9tats-Unis. Des services hospitaliers innovants au Centre m\u00e9dical de l&rsquo;Universit\u00e9 de Caroline du Nord<\/a><br>(Rapport de l\u2019IRDES, n\u00b0 580, octobre 2021)<\/p>\n\n\n\n<p><a href=\"https:\/\/www.irdes.fr\/recherche\/questions-d-economie-de-la-sante\/261-renouveler-l-action-publique-en-sante-un-article-51-pour-experimenter-avec-les-organisations-de-sante.pdf\" target=\"_blank\" rel=\"noreferrer noopener\">Renouveler l&rsquo;action publique en sant\u00e9 : un article (51) pour exp\u00e9rimenter avec les organisations de sant\u00e9<\/a><br>(Questions d&rsquo;\u00e9conomie de la sant\u00e9, n\u00b0 261, septembre 2021)<\/p>\n\n\n\n<p><a href=\"https:\/\/www.irdes.fr\/recherche\/documents-de-travail\/085-impact-de-la-concurrence-sur-la-qualite-des-soins-hospitaliers-exemple-de-la-chirurgie-du-cancer-du-sein-en-france.pdf\" target=\"_blank\" rel=\"noreferrer noopener\">Impact de la concurrence sur la qualit\u00e9 des soins hospitaliers : l&rsquo;exemple de la chirurgie du cancer du sein en France<\/a><br>(Document de travail, n\u00b0 85, septembre 2021)<\/p>\n\n\n\n<p><a href=\"https:\/\/www.irdes.fr\/recherche\/rapports\/578-comparaison-internationale-organisation-medecine-specialisee-angleterre-equipes-pionnieres-de-soins-integres-en-geriatrie-et-pneumologie.pdf\" target=\"_blank\" rel=\"noreferrer noopener\">Comparaison internationale de l&rsquo;organisation de la m\u00e9decine sp\u00e9cialis\u00e9e : innovations dans cinq pays. Angleterre : des \u00e9quipes pionni\u00e8res de soins int\u00e9gr\u00e9s en g\u00e9riatrie et en pneumologie<\/a><br>(Rapport de l\u2019IRDES, n\u00b0 578, juillet 2021)<\/p>\n\n\n\n<p><a href=\"https:\/\/www.irdes.fr\/recherche\/rapports\/576-comparaison-internationale-organisation-medecine-specialisee-le-financement-integre-des-soins-de-maternite-aux-pays-bas.pdf\" target=\"_blank\" rel=\"noreferrer noopener\">Comparaison internationale de l&rsquo;organisation de la m\u00e9decine sp\u00e9cialis\u00e9e. Innovations dans cinq pays : le financement int\u00e9gr\u00e9 des soins de maternit\u00e9 aux Pays-Bas<\/a><br>(Rapport de l\u2019IRDES, n\u00b0 576, f\u00e9vrier 2021)<\/p>\n\n\n\n<p><a href=\"https:\/\/www.irdes.fr\/recherche\/2020\/rapport-573-comparaison-internationale-organisation-medecine-specialisee-italie-reseaux-pluridisciplinaires-en-toscane.html\" target=\"_blank\" rel=\"noreferrer noopener\">Comparaison internationale de l&rsquo;organisation de la m\u00e9decine sp\u00e9cialis\u00e9e : innovations dans cinq pays (Allemagne, Angleterre, \u00c9tats-Unis, Italie, Pays-Bas). Italie : les r\u00e9seaux pluridisciplinaires en Toscane<\/a><br>(Rapport de l\u2019IRDES, n\u00b0 573, juillet 2020)<\/p>\n\n\n\n<p><a rel=\"noreferrer noopener\" href=\"https:\/\/www.irdes.fr\/recherche\/documents-de-travail\/084-revenu-et-activite-des-medecins-generalistes-impact-de-l-exercice-en-regroupement-pluriprofessionnel-en-france.pdf\" target=\"_blank\">Revenu et activit\u00e9 des m\u00e9decins g\u00e9n\u00e9ralistes : impact de l&rsquo;exercice en regroupement pluriprofessionnel en France<\/a><br>(Document de travail, n\u00b0 84, juin 2021)<\/p>\n\n\n\n<p><a href=\"http:\/\/www.irdes.fr\/recherche\/questions-d-economie-de-la-sante\/252-que-peut-on-apprendre-de-l-evaluation-d-impact-de-l-experimentation-parcours-sante-des-aines-paerpa.pdf\" target=\"_blank\" rel=\"noreferrer noopener\">Que peut-on apprendre de l&rsquo;\u00e9valuation d&rsquo;impact de l&rsquo;exp\u00e9rimentation \u00ab\u00a0Parcours sant\u00e9 des a\u00een\u00e9s\u00a0\u00bb (Paerpa) ?<\/a><br>(Question d\u2019\u00e9conomie de la sant\u00e9, n\u00b0 252, novembre 2020)<\/p>\n\n\n\n<p><a href=\"https:\/\/www.irdes.fr\/recherche\/rapports\/580-comparaison-internationale-organisation-medecine-specialisee-innovations-etats-unis.pdf\" target=\"_blank\" rel=\"noreferrer noopener\">Comparaison internationale de l\u2019organisation de la m\u00e9decine sp\u00e9cialis\u00e9e : innovations dans cinq pays<\/a><br>(Rapport de l\u2019IRDES, n\u00b0 573, juillet 2020)<\/p>\n\n\n\n<p><a href=\"https:\/\/www.irdes.fr\/recherche\/documents-de-travail\/080-l-accessibilite-aux-medecins-generalistes-en-ile-de-france-methodologie-de-mesures-des-inegalites-infra-communales.pdf\" target=\"_blank\" rel=\"noreferrer noopener\">L&rsquo;accessibilit\u00e9 aux m\u00e9decins g\u00e9n\u00e9ralistes en \u00cele-de-France : m\u00e9thodologie de mesures des in\u00e9galit\u00e9s infra-communales<\/a><br>(Document de travail, n\u00b0 80, juillet 2019)<\/p>\n\n\n\n<p><a href=\"https:\/\/www.irdes.fr\/recherche\/documents-de-travail\/079-evaluation-d-impact-d-une-nouvelle-organisation-en-chirurgie-orthopedique-sur-les-parcours-de-soins.pdf\" target=\"_blank\" rel=\"noreferrer noopener\">\u00c9valuation d\u2019impact d\u2019une nouvelle organisation en chirurgie orthop\u00e9dique sur les parcours de soins<\/a><br>(Document de travail, n\u00b0 79, juin 2019)<\/p>\n\n\n\n<p><a href=\"http:\/\/www.irdes.fr\/recherche\/questions-d-economie-de-la-sante\/248-decloisonner-les-prises-en-charge-entre-medecine-specialisee-et-soins-primaires-experiences-dans-cinq-pays.pdf\" target=\"_blank\" rel=\"noreferrer noopener\">D\u00e9cloisonner les prises en charge entre m\u00e9decine sp\u00e9cialis\u00e9e et soins primaires: exp\u00e9riences dans cinq pays<\/a><br>(Questions d&rsquo;\u00e9conomie de la sant\u00e9, n\u00b0 248, avril 2020)<\/p>\n\n\n\n<p><a href=\"http:\/\/www.irdes.fr\/recherche\/questions-d-economie-de-la-sante\/246-comment-enrichir-la-mesure-des-inegalites-spatiales-d-accessibilite-aux-medecins-generalistes.pdf\" target=\"_blank\" rel=\"noreferrer noopener\">Comment enrichir la mesure des in\u00e9galit\u00e9s spatiales d\u2019accessibilit\u00e9 aux m\u00e9decins g\u00e9n\u00e9ralistes ? Illustration en Ile-de-France<\/a><br>(Questions d&rsquo;\u00e9conomie de la sant\u00e9, n\u00b0 246, janvier 2020)<\/p>\n\n\n\n<p><a href=\"http:\/\/www.irdes.fr\/recherche\/questions-d-economie-de-la-sante\/245-le-recours-a-l-aide-medicale-de-l-etat-des-personnes-en-situation-irreguliere-en-france-enquete-premiers-pas.pdf\" target=\"_blank\" rel=\"noreferrer noopener\">Le recours \u00e0 l\u2019Aide m\u00e9dicale de l\u2019\u00c9tat des personnes en situation irr\u00e9guli\u00e8re en France : premiers enseignements de l\u2019enqu\u00eate Premiers pas<\/a><br>(Questions d&rsquo;\u00e9conomie de la sant\u00e9, n\u00b0 245, novembre 2019)<\/p>\n\n\n\n<p><a href=\"http:\/\/www.irdes.fr\/recherche\/questions-d-economie-de-la-sante\/244-etudier-l-acces-a-l-aide-medicale-de-l-etat-des-personnes-sans-titre-de-sejour.pdf\" target=\"_blank\" rel=\"noreferrer noopener\">\u00c9tudier l\u2019acc\u00e8s \u00e0 l\u2019Aide m\u00e9dicale de l\u2019\u00c9tat des personnes sans titre de s\u00e9jour. L\u2019enqu\u00eate Premiers pas<\/a><br>(Questions d&rsquo;\u00e9conomie de la sant\u00e9, n\u00b0 244, novembre 2019)<\/p>\n\n\n\n<p><a href=\"http:\/\/www.irdes.fr\/recherche\/questions-d-economie-de-la-sante\/243-proteger-la-sante-des-personnes-etrangeres-en-situation-irreguliere-en-france.pdf\" target=\"_blank\" rel=\"noreferrer noopener\">Prot\u00e9ger la sant\u00e9 des personnes \u00e9trang\u00e8res en situation irr\u00e9guli\u00e8re en France. L\u2019Aide m\u00e9dicale de l\u2019\u00c9tat, une politique d\u2019acc\u00e8s aux soins mal connue<\/a><br>(Questions d&rsquo;\u00e9conomie de la sant\u00e9, n\u00b0 243, novembre 2019)<\/p>\n\n\n\n<p><a href=\"http:\/\/www.irdes.fr\/recherche\/questions-d-economie-de-la-sante\/241-la-cooperation-avec-une-infirmiere-modifie-t-elle-l-activite-du-medecin-generaliste.pdf\" target=\"_blank\" rel=\"noreferrer noopener\">La coop\u00e9ration avec une infirmi\u00e8re modifie-t-elle l&rsquo;activit\u00e9 du m\u00e9decin g\u00e9n\u00e9raliste ? L&rsquo;impact du dispositif Asal\u00e9e<\/a><br>(Questions d\u2019\u00e9conomie de la sant\u00e9, n\u00b0 241, avril 2019)<\/p>\n\n\n\n<p><a href=\"http:\/\/www.irdes.fr\/recherche\/documents-de-travail\/076-accessibilite-aux-soins-et-attractivite-territoriale.pdf\" target=\"_blank\" rel=\"noreferrer noopener\">Accessibilit\u00e9 aux soins et attractivit\u00e9 territoriale : proposition d&rsquo;une typologie des territoires de vie fran\u00e7ais<\/a><br>(Document de travail, n\u00b0 76, janvier 2019)<\/p>\n\n\n\n<p><a href=\"http:\/\/www.irdes.fr\/recherche\/documents-de-travail\/072-analyse-des-determinants-territoriaux-du-recours-aux-urgences-non-suivi-d-une-hospitalisation.pd\" target=\"_blank\" rel=\"noreferrer noopener\">Analyse des d\u00e9terminants territoriaux du recours aux urgences non suivi d&rsquo;une hospitalisation<\/a><br>(Document de travail, n\u00b0 72, septembre 2017)<\/p>\n\n\n\n<p><a href=\"http:\/\/www.irdes.fr\/recherche\/questions-d-economie-de-la-sante\/227-l-experience-americaine-des-accountable-care-organizations-des-enseignements-pour-la-france.pdf\" target=\"_blank\" rel=\"noreferrer noopener\">L&rsquo;exp\u00e9rience am\u00e9ricaine des Accountable Care Organizations : des enseignements pour la France ?<\/a><br>(Questions d\u2019\u00e9conomie de la sant\u00e9, n\u00b0 227, avril 2017)<\/p>\n\n\n\n<p><a href=\"http:\/\/www.irdes.fr\/recherche\/questions-d-economie-de-la-sante\/222-les-soins-sans-consentement-en-psychiatrie.pdf\" target=\"_blank\" rel=\"noreferrer noopener\">Les soins sans consentement en psychiatrie : bilan apr\u00e8s quatre ann\u00e9es de mise en \u0153uvre de la loi du 5 juillet 2011<\/a><br>(Questions d\u2019\u00e9conomie de la sant\u00e9, n\u00b0 222, f\u00e9vrier 2017)<\/p>\n\n\n\n<p><a href=\"http:\/\/www.irdes.fr\/recherche\/questions-d-economie-de-la-sante\/221-l-acces-aux-soins-en-cancerologie-evolution-de-l-offre-et-recours-aux-soins-entre-2005-et-2012.pdf\" target=\"_blank\" rel=\"noreferrer noopener\">L&rsquo;acc\u00e8s aux soins en canc\u00e9rologie : \u00e9volution de l&rsquo;offre et recours aux soins entre 2005 et 2012<\/a><br>(Questions d\u2019\u00e9conomie de la sant\u00e9, n\u00b0 221, janvier 2017)<\/p>\n\n\n\n<p><a href=\"http:\/\/www.irdes.fr\/recherche\/questions-d-economie-de-la-sante\/219-recours-aux-soins-ambulatoires-et-distances-parcourues-par-les-patients.pdf\">Recours aux soins ambulatoires et distances parcourues par les patients : des diff\u00e9rences importantes selon l&rsquo;accessibilit\u00e9 territoriale aux soins<\/a><br>(Questions d\u2019\u00e9conomie de la sant\u00e9, n\u00b0 219, juin 2016)<\/p>\n\n\n\n<p><a href=\"http:\/\/www.irdes.fr\/recherche\/questions-d-economie-de-la-sante\/218-restes-a-charge-publics-en-ville-et-a-l-hopital.pdf\" target=\"_blank\" rel=\"noreferrer noopener\">Restes \u00e0 charge publics en ville et \u00e0 l&rsquo;h\u00f4pital : des taux d&rsquo;effort in\u00e9galement r\u00e9partis<\/a><br>(Questions d\u2019\u00e9conomie de la sant\u00e9, n\u00b0 218, mai 2016)<\/p>\n\n\n\n<p><a href=\"http:\/\/www.irdes.fr\/recherche\/documents-de-travail\/071-depenses-de-sante-vieillissement-et-fragilite-le-cas-francais.pdf\">Vieillissement, fragilit\u00e9 et d\u00e9penses de sant\u00e9<\/a><br>(Questions d\u2019\u00e9conomie de la sant\u00e9, n\u00b0 216, mars 2016)<\/p>\n\n\n\n<p><a href=\"http:\/\/www.irdes.fr\/recherche\/questions-d-economie-de-la-sante\/211-l-impact-de-l-exercice-regroupe-pluriprofessionnel-sur-la-qualite-des-pratiques-des-medecins-generalistes.pdf\" target=\"_blank\" rel=\"noreferrer noopener\">L&rsquo;impact de l&rsquo;exercice regroup\u00e9 pluriprofessionnel sur la qualit\u00e9 des pratiques des m\u00e9decins g\u00e9n\u00e9ralistes. R\u00e9sultats de l&rsquo;\u00e9valuation des maisons, p\u00f4les et centres de sant\u00e9 participant \u00e0 l&rsquo;Exp\u00e9rimentation des nouveaux modes de r\u00e9mun\u00e9ration (ENMR)<\/a><br>(Questions d\u2019\u00e9conomie de la sant\u00e9, n\u00b0 211, juillet-ao\u00fbt 2015)<\/p>\n\n\n\n<p><a href=\"http:\/\/www.irdes.fr\/recherche\/questions-d-economie-de-la-sante\/210-l-exercice-regroupe-pluriprofessionnel-en-maisons-poles-et-centres-de-sante-genere-des-gains-en-matiere-de-productivite-et-de-depenses.pdf\" target=\"_blank\" rel=\"noreferrer noopener\">L&rsquo;exercice regroup\u00e9 pluriprofessionnel en maisons, p\u00f4les et centres de sant\u00e9 g\u00e9n\u00e8re des gains en mati\u00e8re de productivit\u00e9 et de d\u00e9penses<\/a><br>(Questions d\u2019\u00e9conomie de la sant\u00e9, n\u00b0 210, juin 2015)<\/p>\n\n\n\n<p><a href=\"http:\/\/www.irdes.fr\/recherche\/questions-d-economie-de-la-sante\/205-de-l-hospitalisation-aux-soins-sans-consentement-en-psychiatrie.pdf\" target=\"_blank\" rel=\"noreferrer noopener\">De l&rsquo;hospitalisation aux soins sans consentement en psychiatrie : premiers r\u00e9sultats de la mise en place de la loi du 5 juillet 2011<\/a><br>(Questions d\u2019\u00e9conomie de la sant\u00e9, n\u00b0 205, janvier 2015)<\/p>\n\n\n\n<p><a href=\"http:\/\/www.irdes.fr\/recherche\/questions-d-economie-de-la-sante\/205-de-l-hospitalisation-aux-soins-sans-consentement-en-psychiatrie.pdf\" target=\"_blank\" rel=\"noreferrer noopener\">De l\u2019hospitalisation aux soins sans consentement en  psychiatrie : premiers r\u00e9sultats de la mise en place de la loi du 5 juillet  2011<\/a><br>(Questions  d\u2019\u00e9conomie de la sant\u00e9, n\u00b0 205 &#8211; janvier 2015)<\/p>\n\n\n\n<p><a href=\"http:\/\/www.irdes.fr\/recherche\/rapports\/558-les-disparites-territoriales-d-offre-et-d-organisation-des-soins-en-psychiatrie-en-france.pdf\">Les  disparit\u00e9s territoriales d\u2019offre et d\u2019organisation des soins en psychiatrie en  France : d\u2019une vision segment\u00e9e \u00e0 une approche syst\u00e9mique<\/a><br>(Rapport  de l\u2019IRDES, n\u00b0 558, d\u00e9cembre 2014) <\/p>\n\n\n\n<p><a href=\"http:\/\/www.irdes.fr\/recherche\/questions-d-economie-de-la-sante\/202-l-hospitalisation-au-long-cours-en-psychiatrie-analyse-et-determinants-de-la-variabilite-territoriale.pdf\" target=\"_blank\" rel=\"noreferrer noopener\">L\u2019hospitalisation  au long cours en psychiatrie : analyse et d\u00e9terminants de la variabilit\u00e9  territoriale<\/a><br>(Questions  d\u2019\u00e9conomie de la sant\u00e9, n\u00b0 202 &#8211; octobre 2014)<\/p>\n\n\n\n<p><a href=\"http:\/\/www.irdes.fr\/recherche\/questions-d-economie-de-la-sante\/198-l-enquete-sante-et-protection-sociale-esps-2012-premiers-resultats.pdf\" target=\"_blank\" rel=\"noreferrer noopener\">L\u2019Enqu\u00eate sant\u00e9 et protection sociale (ESPS) 2012 : premiers  r\u00e9sultats<\/a><br>(Questions d\u2019\u00e9conomie de la sant\u00e9, n\u00b0 198, mai 2014)<\/p>\n\n\n\n<p><a href=\"http:\/\/www.irdes.fr\/recherche\/questions-d-economie-de-la-sante\/193-l-hospitalisation-sans-consentement-en-psychiatrie-en-2010.pdf\" target=\"_blank\" rel=\"noreferrer noopener\">L\u2019hospitalisation sans consentement en psychiatrie  en 2010 : premi\u00e8re exploitation du Rim-P et \u00e9tat des lieux avant la r\u00e9forme du  5 juillet 2011<\/a><br>(Questions d\u2019\u00e9conomie de la sant\u00e9, n\u00b0 193, d\u00e9cembre 2013)<\/p>\n\n\n\n<p><a href=\"http:\/\/www.irdes.fr\/Publications\/Qes2013\/Qes186.pdf\" target=\"_blank\" rel=\"noreferrer noopener\">Activit\u00e9, productivit\u00e9 et qualit\u00e9 des soins des h\u00f4pitaux avant et apr\u00e8s la T2A<\/a><br>(Questions d\u2019\u00e9conomie de la sant\u00e9, n\u00b0 186, avril  2013)<\/p>\n\n\n\n<p><a href=\"http:\/\/www.irdes.fr\/EspaceRecherche\/DocumentsDeTravail\/DT56SoinsHospitaliersT2A.pdf\" target=\"_blank\" rel=\"noreferrer noopener\">Activit\u00e9, productivit\u00e9 et qualit\u00e9 des soins des h\u00f4pitaux avant et apr\u00e8s la T2A<\/a><br>(Document de travail, n\u00b0 56, avril 2013)<\/p>\n\n\n\n<p><a href=\"http:\/\/www.irdes.fr\/EspaceRecherche\/DocumentsDeTravail\/DT53QualiteSoinsT2A.pdf\" target=\"_blank\" rel=\"noreferrer noopener\">Qualit\u00e9 des soins et T2A : pour le meilleur ou pour  le pire ?<\/a><br>(Document de travail, n\u00b0 53, d\u00e9cembre 2012)<\/p>\n\n\n\n<p><a href=\"http:\/\/www.irdes.fr\/Publications\/2012\/Qes175.pdf\">Le territoire, un outil d\u2019organisation des soins et des\n politiques de sant\u00e9&nbsp;?<\/a><br>(Questions d\u2019\u00e9conomie de la sant\u00e9, n\u00b0 175, avril 2012)<\/p>\n\n\n\n<p><a href=\"http:\/\/www.irdes.fr\/Publications\/2010\/Qes154.pdf\" target=\"_blank\" rel=\"noreferrer noopener\">Les modes de vie : un canal de transmission des in\u00e9galit\u00e9s  de sant\u00e9 ?<\/a><br>(Questions d&rsquo;\u00e9conomie de la sant\u00e9, n\u00b0 154, mai 2010) <\/p>\n\n\n\n<p><a href=\"http:\/\/www.irdes.fr\/Publications\/Qes\/Qes149.pdf\" target=\"_blank\" rel=\"noreferrer noopener\">Quel lien entre volume d\u2019activit\u00e9 des h\u00f4pitaux et qualit\u00e9  des soins<br> en France ?<\/a><br>(Questions d&rsquo;\u00e9conomie de la sant\u00e9, n\u00b0 149, d\u00e9cembre 2009)<\/p>\n\n\n\n<p><a href=\"http:\/\/www.irdes.fr\/Publications\/Qes\/Qes145.pdf\" target=\"_blank\" rel=\"noreferrer noopener\">Cinquante ans de sectorisation psychiatrique en France : des in\u00e9galit\u00e9s persistantes de moyens et d&rsquo;organisation<\/a><br>(Questions d&rsquo;\u00e9conomie de la sant\u00e9, n\u00b0 145, ao\u00fbt 2009)<\/p>\n\n\n\n<p><a href=\"http:\/\/www.irdes.fr\/EspaceRecherche\/DocumentsDeTravail\/DT25EcartsCoutHospitaliers.pdf\" target=\"_blank\" rel=\"noreferrer noopener\">Les  \u00e9carts de co\u00fbts hospitaliers sont-ils justifiables ? R\u00e9flexions sur une  convergence tarifaire entre les secteurs public et priv\u00e9 en France<\/a><br>(Document de travail, n\u00b0 25, mai 2009)<\/p>\n\n\n\n<p><a href=\"http:\/\/www.irdes.fr\/EspaceRecherche\/DocumentsDeTravail\/DT23PrincipEnjeuxTarificActiviteHopital.pdf\" target=\"_blank\" rel=\"noreferrer noopener\">Principes et enjeux de la tarification \u00e0 l&rsquo;activit\u00e9 \u00e0 l&rsquo;h\u00f4pital (T2A)<\/a><br>(Document de travail, n\u00b0 23, mars 2009)<\/p>\n\n\n\n<p><a href=\"http:\/\/www.irdes.fr\/Publications\/Qes\/Qes135.pdf\" target=\"_blank\" rel=\"noreferrer noopener\">Volume d&rsquo;activit\u00e9 et qualit\u00e9 des soins dans les h\u00f4pitaux : quelle causalit\u00e9 ?<\/a><br>(Questions d&rsquo;\u00e9conomie de la sant\u00e9, n\u00b0 135, septembre 2008)<\/p>\n","protected":false},"excerpt":{"rendered":"<p>L&rsquo;IRDES (Institut de recherche et documentation en \u00e9conomie de la Sant\u00e9) est un organisme parapublic financ\u00e9 en grande partie par la Caisse nationale d&rsquo;assurance maladie des travailleurs salari\u00e9s et des mutuelles. Cet organisme poursuit un double but : compiler des donn\u00e9es et les mettre \u00e0 disposition du public, notamment par le biais de son centre &hellip; <a href=\"https:\/\/www.robertholcman.net\/index.php\/rapports-et-documents-de-lirdes\/\" class=\"more-link\">Continuer la lecture<span class=\"screen-reader-text\"> de &laquo;&nbsp;Rapports et documents de l&rsquo;IRDES&nbsp;&raquo;<\/span><\/a><\/p>\n","protected":false},"author":1,"featured_media":0,"parent":0,"menu_order":19,"comment_status":"closed","ping_status":"closed","template":"","meta":{"footnotes":""},"class_list":["post-65","page","type-page","status-publish","hentry"],"_links":{"self":[{"href":"https:\/\/www.robertholcman.net\/index.php\/wp-json\/wp\/v2\/pages\/65","targetHints":{"allow":["GET"]}}],"collection":[{"href":"https:\/\/www.robertholcman.net\/index.php\/wp-json\/wp\/v2\/pages"}],"about":[{"href":"https:\/\/www.robertholcman.net\/index.php\/wp-json\/wp\/v2\/types\/page"}],"author":[{"embeddable":true,"href":"https:\/\/www.robertholcman.net\/index.php\/wp-json\/wp\/v2\/users\/1"}],"replies":[{"embeddable":true,"href":"https:\/\/www.robertholcman.net\/index.php\/wp-json\/wp\/v2\/comments?post=65"}],"version-history":[{"count":33,"href":"https:\/\/www.robertholcman.net\/index.php\/wp-json\/wp\/v2\/pages\/65\/revisions"}],"predecessor-version":[{"id":919,"href":"https:\/\/www.robertholcman.net\/index.php\/wp-json\/wp\/v2\/pages\/65\/revisions\/919"}],"wp:attachment":[{"href":"https:\/\/www.robertholcman.net\/index.php\/wp-json\/wp\/v2\/media?parent=65"}],"curies":[{"name":"wp","href":"https:\/\/api.w.org\/{rel}","templated":true}]}}