{"id":61,"date":"2019-10-26T15:27:24","date_gmt":"2019-10-26T13:27:24","guid":{"rendered":"http:\/\/www.robertholcman.net\/\/?page_id=61"},"modified":"2025-10-16T11:08:35","modified_gmt":"2025-10-16T09:08:35","slug":"avis-du-comite-consultatif-national-dethique","status":"publish","type":"page","link":"https:\/\/www.robertholcman.net\/index.php\/avis-du-comite-consultatif-national-dethique\/","title":{"rendered":"Avis du comit\u00e9 consultatif national d&rsquo;\u00e9thique"},"content":{"rendered":"\n<p><em>Le Comit\u00e9 consultatif national d&rsquo;\u00e9thique pour les sciences de la vie  et de la sant\u00e9 (CCNE) est une autorit\u00e9 consultative ind\u00e9pendante. Son  r\u00f4le est de donner des avis sur les probl\u00e8mes d&rsquo;\u00e9thique et les questions  de soci\u00e9t\u00e9 soulev\u00e9s par les progr\u00e8s de la connaissance dans les  domaines de la biologie, de la m\u00e9decine et de la sant\u00e9. Sa mission  premi\u00e8re est de produire des rapports. Il peut \u00eatre saisi par le  pr\u00e9sident de la R\u00e9publique et les membres du gouvernement, les  pr\u00e9sidents des Assembl\u00e9es parlementaires, un \u00e9tablissement  d&rsquo;enseignement sup\u00e9rieur, un \u00e9tablissement public, une fondation  reconnue d&rsquo;utilit\u00e9 publique ayant pour activit\u00e9 principale la recherche,  le d\u00e9veloppement technologique ou la promotion et la protection de la  sant\u00e9. Il peut \u00e9galement s&rsquo;autosaisir de toutes questions pos\u00e9es par un  citoyen ou l&rsquo;un de ses membres.<\/em><\/p>\n\n\n\n<p><em>Le Comit\u00e9 national pilote d&rsquo;\u00e9thique du num\u00e9rique (CNPEN) a \u00e9t\u00e9 mis en place en d\u00e9cembre 2019 et plac\u00e9 sous l\u2019\u00e9gide du CCNE. Son r\u00f4le est de rendre des avis sur les saisines qui lui sont confi\u00e9es, d\u2019\u00e9clairer le d\u00e9bat public sur les enjeux d\u2019\u00e9thique du num\u00e9rique et de r\u00e9diger des propositions relatives \u00e0 la p\u00e9rennisation de la r\u00e9flexion nationale sur l\u2019\u00e9thique du num\u00e9rique.<\/em><\/p>\n\n\n\n<p> <em>Il arrive que le CCNE et le CNPEN rendent des avis communs.<\/em><\/p>\n\n\n\n<p class=\"has-text-align-center\" style=\"font-size:5px\">.<\/p>\n\n\n\n<p class=\"has-text-align-center\" style=\"font-size:5px\">.<\/p>\n\n\n\n<p><a href=\"https:\/\/www.robertholcman.net\/wp-content\/uploads\/2025\/09\/comite-consultatif-national-ethique-avis-149-baisse-natalite-fertilite-reponses-differentes-enjeux-ethiques-partages-fevrier-2025.pdf\" target=\"_blank\" rel=\"noreferrer noopener\">Baisse d<\/a><a href=\"https:\/\/www.robertholcman.net\/wp-content\/uploads\/2025\/09\/comite-consultatif-national-ethique-avis-149-baisse-natalite-fertilite-reponses-differentes-enjeux-ethiques-partages-fevrier-2025.pdf\">e la natalit\u00e9 et de la fertilit\u00e9\u00a0: des r\u00e9ponses diff\u00e9rentes, des enjeux \u00e9thiques partag\u00e9s<\/a><br>(n\u00b0 149, f\u00e9vrier 2025)<\/p>\n\n\n\n<p><a href=\"https:\/\/www.robertholcman.net\/wp-content\/uploads\/2025\/09\/comite-consultatif-national-ethique-avis-148-enjeux-ethiques-situations-vulnerabilite-face-progres-medicaux-limites-systeme-soins-janvier-2025.pdf\" target=\"_blank\" rel=\"noreferrer noopener\">Enjeux \u00e9thiques relatifs aux situations de vuln\u00e9rabilit\u00e9 face aux progr\u00e8s m\u00e9dicaux et aux limites du syst\u00e8me de soins<\/a><br>(n\u00b0 148, janvier 2025)<\/p>\n\n\n\n<p><a href=\"https:\/\/www.robertholcman.net\/wp-content\/uploads\/2025\/09\/comite-consultatif-national-ethique-avis-147-ccne-enjeux-ethiques-relatifs-crise-psychiatrie-alerte-ccne-janvier-2025.pdf\" target=\"_blank\" rel=\"noreferrer noopener\">Enjeux \u00e9thiques relatifs \u00e0 la crise de la psychiatrie\u00a0: une alerte du CCNE<\/a><br>(n\u00b0 147, janvier 2025)<\/p>\n\n\n\n<p><a href=\"https:\/\/www.robertholcman.net\/wp-content\/uploads\/2025\/09\/comite-consultatif-national-ethique-avis-146-Enjeux-ethiques-relatifs-don-plasma-medicaments-derives-periode-penurie-decembre-2024.pdf\" target=\"_blank\" rel=\"noreferrer noopener\">Enjeux \u00e9thiques relatifs au don de plasma et aux m\u00e9dicaments d\u00e9riv\u00e9s du plasma en p\u00e9riode de p\u00e9nurie<\/a><br>(n\u00b0 146, d\u00e9cembre 2024)<\/p>\n\n\n\n<p><a href=\"https:\/\/www.robertholcman.net\/wp-content\/uploads\/2025\/09\/comite-consultatif-national-ethique-avis-145-cadre-evaluation-ethique-recherche-clinique-favoriser-sans-affaiblir-protection-personnes-mars-2024.pdf\" data-type=\"link\" data-id=\"https:\/\/www.robertholcman.net\/wp-content\/uploads\/2025\/09\/comite-consultatif-national-ethique-avis-145-cadre-evaluation-ethique-recherche-clinique-favoriser-sans-affaiblir-protection-personnes-mars-2024.pdf\" target=\"_blank\" rel=\"noreferrer noopener\">Le cadre de l\u2019\u00e9valuation \u00e9thique de la recherche clinique. Favoriser la recherche clinique sans affaiblir la protection des personnes<\/a><br>(n\u00b0 145, mars 2024)<\/p>\n\n\n\n<p><a href=\"https:\/\/www.robertholcman.net\/wp-content\/uploads\/2024\/03\/comite-consultatif-national-ethique-avis-144-juillet-2023-vaccination-professionnels-secteurs-sanitaires-medico-sociaux-securite-patients.pdf\" target=\"_blank\" rel=\"noreferrer noopener\">La vaccination des professionnels exer\u00e7ant dans les secteurs sanitaires et m\u00e9dico-sociaux : s\u00e9curit\u00e9 des patients, responsabilit\u00e9 des professionnels et contexte social<\/a><br>(n\u00b0 144, juillet 2023)<\/p>\n\n\n\n<p><a href=\"https:\/\/www.robertholcman.net\/wp-content\/uploads\/2024\/03\/avis-commun-comite-consultatif-national-ethique-143-comite-national-pilote-ethique-numerique-5-plateformes-donnees-sante-enjeux-ethique.pdf\" target=\"_blank\" rel=\"noreferrer noopener\">Plateformes de donn\u00e9es de sant\u00e9 : enjeux d\u2019\u00e9thique<\/a><br>(Avis commun, n\u00b0 143 CCNE et n\u00b0 5 CNPEN, f\u00e9vrier 2023)<\/p>\n\n\n\n<p><a href=\"https:\/\/www.robertholcman.net\/wp-content\/uploads\/2024\/03\/comite-consultatif-national-ethique-avis-142-fevrier-2023-consentement-respect-personne-pratique-examens-gynecologiques-touchant-intimite.pdf\" target=\"_blank\" rel=\"noreferrer noopener\">Consentement et respect de la personne dans la pratique des examens gyn\u00e9cologiques et touchant \u00e0 l\u2019intimit\u00e9<\/a><br>(n\u00b0 142, f\u00e9vrier 2023)<\/p>\n\n\n\n<p><a href=\"https:\/\/www.robertholcman.net\/wp-content\/uploads\/2023\/02\/avis-141-comite-consultatif-national-ethique-diagnostic-medical-intelligence-artificielle-enjeux-ethiques-novembre-2022.pdf\" target=\"_blank\" rel=\"noreferrer noopener\">Diagnostic m\u00e9dical et intelligence artificielle : enjeux \u00e9thiques<\/a><br>(n\u00b0 141, novembre 2022)<\/p>\n\n\n\n<p><a href=\"https:\/\/www.robertholcman.net\/wp-content\/uploads\/2023\/02\/avis-140-comite-consultatif-national-ethique-repenser-systeme-soins-fondement-ethique.-lecons-crise-sanitaire-hospitaliere-diagnostic-perspectives-octobre-2022.pdf\" target=\"_blank\" rel=\"noreferrer noopener\">Repenser le syst\u00e8me de soins sur un fondement \u00e9thique. Le\u00e7ons de la crise sanitaire et hospitali\u00e8re, diagnostic et perspectives<\/a><br>(n\u00b0 140, octobre 2022)<\/p>\n\n\n\n<p><a rel=\"noreferrer noopener\" href=\"https:\/\/www.robertholcman.net\/wp-content\/uploads\/2022\/09\/comite-consultatif-national-ethique-avis-139-enjeux-ethiques-relatifs-situations-fin-vie-autonomie-solidarite-septembre-2022.pdf\" target=\"_blank\">Questions \u00e9thiques relatives aux situations de fin de vie&nbsp;: autonomie et solidarit\u00e9<\/a><br>(n\u00b0 139, septembre 2022)<\/p>\n\n\n\n<p><a rel=\"noreferrer noopener\" href=\"https:\/\/www.robertholcman.net\/wp-content\/uploads\/2022\/08\/avis-comite-consultatif-national-ethique-ccne-138-eugenisme-mai-2021.pdf\" target=\"_blank\">Eug\u00e9nisme, de quoi parle-t-on&nbsp;?<\/a><br>(n\u00b0 138, mai 2021)<\/p>\n\n\n\n<p><a href=\"https:\/\/www.robertholcman.net\/wp-content\/uploads\/2022\/08\/avis-comite-consultatif-national-ethique-ccne-59-rapport-vieillissement-mai-1998.pdf\" target=\"_blank\" rel=\"noreferrer noopener\">Rapport sur le vieillissement<\/a><br>(n\u00b0 59, mai 1998)<\/p>\n\n\n\n<p><a rel=\"noreferrer noopener\" href=\"https:\/\/www.robertholcman.net\/wp-content\/uploads\/2021\/07\/avis-137-comite-consultatif-national-ethique-sante-publique-juillet-2021.pdf\" target=\"_blank\">\u00c9thique et sant\u00e9 publique<\/a><br>(n\u00b0 137, juillet 2021)<\/p>\n\n\n\n<p><a rel=\"noreferrer noopener\" href=\"https:\/\/www.robertholcman.net\/wp-content\/uploads\/2021\/07\/avis-136-comite-consultatif-national-ethique-evolution-enjeux-ethiques-relatifs-consentement-soin-juillet-2021.pdf\" target=\"_blank\">L\u2019\u00e9volution des enjeux \u00e9thiques relatifs au consentement dans le soin<\/a><br>(n\u00b0 136, juillet 2021)<\/p>\n\n\n\n<p><a rel=\"noreferrer noopener\" href=\"https:\/\/www.robertholcman.net\/wp-content\/uploads\/2021\/07\/avis-comite-consultatif-national-ethique-enjeux-ethiques-relatifs-vaccination-covid-19-enfants-adolescents-juin-2021.pdf\" target=\"_blank\">Enjeux \u00e9thiques relatifs \u00e0 la vaccination contre la Covid-19 des enfants et des adolescents<\/a><br>(juin 2021)<\/p>\n\n\n\n<p><a rel=\"noreferrer noopener\" href=\"https:\/\/www.robertholcman.net\/wp-content\/uploads\/2021\/02\/avis-comite-consultatif-national-ethique-135-septembre-2020-acces-innovations-therapeutiques-enjeux-ethiques.pdf\" target=\"_blank\">L\u2019acc\u00e8s aux innovations th\u00e9rapeutiques&nbsp;: enjeux \u00e9thiques<\/a><br>(n\u00b0 135, septembre 2020)<\/p>\n\n\n\n<p><a rel=\"noreferrer noopener\" href=\"https:\/\/www.robertholcman.net\/wp-content\/uploads\/2021\/02\/avis-comite-consultatif-national-ethique-133-septembre-2019-enjeux-ethiques-modifications-ciblees-genome-espoir-vigilance.pdf\" target=\"_blank\">Enjeux \u00e9thiques des modifications cibl\u00e9es du g\u00e9nome&nbsp;: entre espoir et vigilance<\/a><br>(n\u00b0 133, septembre 2019)<\/p>\n\n\n\n<p><a href=\"https:\/\/www.robertholcman.net\/wp-content\/uploads\/2019\/11\/avis-2019-comite-consultatif-national-ethique-130-donn\u00e9es-massives-sante.pdf\">Donn\u00e9es massives et sant\u00e9 : \u00c9tat des lieux, prospective et nouvelles questions \u00e9thiques<\/a><br>(n\u00b0 130, mai 2019)<\/p>\n\n\n\n<p><a href=\"https:\/\/www.robertholcman.net\/wp-content\/uploads\/2019\/11\/rapport-comite-consultatif-national-ethique-2018-numerique-santes-enjeux-regulations.pdf\">Rapport&nbsp;: num\u00e9rique et sant\u00e9. Quels enjeux \u00e9thiques pour quelles r\u00e9gulations&nbsp;?<\/a><br>(novembre 2018)<\/p>\n\n\n\n<p><a href=\"https:\/\/www.robertholcman.net\/wp-content\/uploads\/2019\/11\/avis-2018-comite-consultatif-national-ethique-129-revision-loi-de-bioethique.pdf\">Contribution du Comit\u00e9 consultatif national d\u2019\u00e9thique \u00e0 la r\u00e9vision de la loi de bio\u00e9thique 2018-2019<\/a><br>(n\u00b0 129, septembre 2018)<\/p>\n\n\n\n<p><a href=\"https:\/\/www.robertholcman.net\/wp-content\/uploads\/2019\/11\/avis-2018-comite-consultatif-national-ethique-128-enjeux-vieillissement-concentration-personnes-agees-soci\u00e9t\u00e9-inclusive.pdf\">Enjeux \u00e9thiques du vieillissement. Quel sens \u00e0 la concentration des personnes \u00e2g\u00e9es entre elles, dans des \u00e9tablissements dits d\u2019h\u00e9bergement ? Quels leviers pour une soci\u00e9t\u00e9 inclusive pour les personnes \u00e2g\u00e9es ?<\/a><br>(n\u00b0 128, f\u00e9vrier 2018)<\/p>\n\n\n\n<p><a href=\"https:\/\/www.robertholcman.net\/wp-content\/uploads\/2019\/11\/avis-2017-comite-consultatif-national-ethique-126-demandes-societales-recours-assistance-medicale-procreation-amp.pdf\">Demandes soci\u00e9tales de recours \u00e0 l\u2019assistance m\u00e9dicale \u00e0 la procr\u00e9ation (AMP)<\/a><br>(n\u00b0 126, juin 2017)<\/p>\n\n\n\n<p><a href=\"https:\/\/www.robertholcman.net\/wp-content\/uploads\/2019\/11\/avis-2016-comite-consultatif-national-ethique-124-reflexion-evolution-tests-genetiques-sequencage-adn-humain-tres-haut-debit.pdf\">R\u00e9flexion \u00e9thique sur l\u2019\u00e9volution des tests g\u00e9n\u00e9tiques li\u00e9e au s\u00e9quen\u00e7age de l\u2019ADN humain \u00e0 tr\u00e8s haut d\u00e9bit<\/a><br>(n\u00b0 124, janvier 2016)&nbsp;&nbsp;&nbsp;&nbsp;&nbsp;&nbsp;&nbsp;&nbsp;&nbsp;&nbsp;&nbsp;&nbsp;&nbsp;&nbsp;&nbsp;&nbsp;&nbsp;&nbsp;&nbsp;&nbsp;&nbsp;&nbsp;&nbsp;&nbsp;&nbsp;&nbsp;&nbsp;&nbsp;&nbsp;&nbsp;&nbsp;&nbsp;&nbsp;&nbsp;&nbsp;&nbsp;&nbsp;&nbsp;&nbsp;&nbsp;&nbsp;&nbsp;&nbsp;&nbsp;&nbsp;&nbsp;&nbsp;&nbsp;&nbsp;&nbsp;&nbsp; <\/p>\n\n\n\n<p><a href=\"https:\/\/www.robertholcman.net\/wp-content\/uploads\/2019\/11\/rapport-comite-consultatif-national-ethique-2014-debat-public-fin-vie.pdf\">Rapport sur le d\u00e9bat public concernant la fin de vie<\/a><br>(octobre 2014)<\/p>\n\n\n\n<p><a href=\"\/public\/ccne\/avis_122_comite_consultatif_national_ethique_2014_recours_techniques_biomedicales_neuro_amelioration_personne_non_malade_enjeux_ethiques.pdf\">Recours aux techniques biom\u00e9dicales en vue de \u00ab neuro-am\u00e9lioration \u00bb chez la personne non malade: enjeux \u00e9thiques<\/a><br>(n\u00b0 122, d\u00e9cembre 2013)<\/p>\n\n\n\n<p><a href=\"\/public\/documents_institutionnels\/2013_comite_consultatif_national_ethique_conference_citoyens_fin_vie_avis_citoyen.pdf\">Conf\u00e9rence de citoyens sur la fin de vie &#8211; avis citoyen<\/a><br>(14 d\u00e9cembre 2013)<\/p>\n\n\n\n<p><a href=\"\/public\/documents_institutionnels\/avis_comite_consultatif_national_ethique_ccne_fin_de_vie_autonomie_personne_volonte_mourir_juillet_2013.pdf\">Fin de vie, autonomie de la personne, volont\u00e9 de mourir<\/a><br>(n\u00b0 121, juin 2013)<\/p>\n\n\n\n<p><a href=\"\/public\/documents_institutionnels\/avis_comite_consultatif_national_ethique_sciences_vie_sante_questions_prelevement_don_organes_transplantation_2011.pdf\">Questions d\u2019\u00e9thique relatives au pr\u00e9l\u00e8vement et au don d\u2019organes \u00e0 des fins de transplantation<\/a><br>(n\u00b0 115, avril 2011)<\/p>\n\n\n\n<p><a href=\"https:\/\/www.robertholcman.net\/wp-content\/uploads\/2019\/11\/avis-2010-comite-consultatif-national-ethique-112-reflexion-ethique-recherche-cellules-origine-embryonnaire-humaine-embryon-humain.pdf\">Une r\u00e9flexion \u00e9thique sur la recherche sur les cellules d\u2019origine embryonnaire humaine, et la recherche sur l\u2019embryon humain in vitro<\/a><br>(n\u00b0 112, octobre 2010)<\/p>\n\n\n\n<p><a href=\"https:\/\/www.robertholcman.net\/wp-content\/uploads\/2019\/11\/avis-2009-comite-consultatif-national-ethique-108-developpement-financement-soins-palliatifs.pdf\">Avis sur les questions \u00e9thiques li\u00e9es au d\u00e9veloppement et au financement des soins palliatifs<\/a><br>(n\u00b0 108, novembre 2009)<\/p>\n\n\n\n<p><a href=\"https:\/\/www.robertholcman.net\/wp-content\/uploads\/2019\/11\/avis-2007-comite-consultatif-national-ethique-101-sante-ethique-argent.pdf\">Sant\u00e9, \u00e9thique et argent<\/a><br>(n\u00b0 101, juin 2007) <\/p>\n\n\n\n<p><a href=\"https:\/\/www.robertholcman.net\/wp-content\/uploads\/2019\/11\/avis-2006-comite-consultatif-national-ethique-91-informatisation-prescription-hospitaliere-dossier-patient.pdf\">Probl\u00e8mes \u00e9thiques pos\u00e9s par l&rsquo;informatisation de la prescription hospitali\u00e8re et du dossier du patient<\/a><br>(n\u00b0 91, f\u00e9vrier 2006)<\/p>\n\n\n\n<p><a href=\"https:\/\/www.robertholcman.net\/wp-content\/uploads\/2019\/11\/avis-2005-comite-consultatif-national-ethique-87-refus-traitement-autonomie-personne.pdf\">Refus de traitement et autonomie de la personne<\/a><br>(n\u00b0&nbsp;87, avril 2005)<\/p>\n\n\n\n<p><a href=\"https:\/\/www.robertholcman.net\/wp-content\/uploads\/2019\/11\/avis-2000-comite-consultatif-national-ethique-63-fin-arret-vie-euthanasie.pdf\">Fin de vie, arr\u00eat de vie, euthanasie<\/a><br>(n\u00b0&nbsp;63, janvier 2000)<\/p>\n\n\n\n<p><a href=\"https:\/\/www.robertholcman.net\/wp-content\/uploads\/2019\/11\/avis-1998-comite-consultatif-national-ethique-59-vieillissement.pdf\">Rapport sur le vieillissement<\/a><br>(n\u00b0&nbsp;59, mai 1998)<\/p>\n\n\n\n<p><a href=\"https:\/\/www.robertholcman.net\/wp-content\/uploads\/2019\/11\/avis-1998-comite-consultatif-national-ethique-57-progres-technique-sante-modele-societe.pdf\">Progr\u00e8s technique, sant\u00e9 et mod\u00e8le de soci\u00e9t\u00e9<\/a><br>(n\u00b0&nbsp;57, mars 1998)<\/p>\n\n\n\n<p><a href=\"https:\/\/www.robertholcman.net\/wp-content\/uploads\/2019\/11\/avis-1991-comite-consultatif-national-ethique-26-assistance-mourants-parlement-europeen.pdf\">Proposition de r\u00e9solution sur l&rsquo;assistance aux mourants, adopt\u00e9e le 25 avril 2001 au Parlement europ\u00e9en<\/a><br>(n\u00b0&nbsp;26, juin 1991)<\/p>\n\n\n\n<p><a href=\"https:\/\/www.robertholcman.net\/wp-content\/uploads\/2019\/11\/avis-1986-comite-consultatif-national-ethique-7-experimentations-malades-etat-vegetatif-chronique.pdf\">Exp\u00e9rimentations sur des malades en \u00e9tat v\u00e9g\u00e9tatif chronique<\/a><br>(n\u00b0 7, f\u00e9vrier 1986)<\/p>\n\n\n\n<p><\/p>\n","protected":false},"excerpt":{"rendered":"<p>Le Comit\u00e9 consultatif national d&rsquo;\u00e9thique pour les sciences de la vie et de la sant\u00e9 (CCNE) est une autorit\u00e9 consultative ind\u00e9pendante. Son r\u00f4le est de donner des avis sur les probl\u00e8mes d&rsquo;\u00e9thique et les questions de soci\u00e9t\u00e9 soulev\u00e9s par les progr\u00e8s de la connaissance dans les domaines de la biologie, de la m\u00e9decine et de &hellip; <a href=\"https:\/\/www.robertholcman.net\/index.php\/avis-du-comite-consultatif-national-dethique\/\" class=\"more-link\">Continuer la lecture<span class=\"screen-reader-text\"> de &laquo;&nbsp;Avis du comit\u00e9 consultatif national d&rsquo;\u00e9thique&nbsp;&raquo;<\/span><\/a><\/p>\n","protected":false},"author":1,"featured_media":0,"parent":0,"menu_order":17,"comment_status":"closed","ping_status":"closed","template":"","meta":{"footnotes":""},"class_list":["post-61","page","type-page","status-publish","hentry"],"_links":{"self":[{"href":"https:\/\/www.robertholcman.net\/index.php\/wp-json\/wp\/v2\/pages\/61","targetHints":{"allow":["GET"]}}],"collection":[{"href":"https:\/\/www.robertholcman.net\/index.php\/wp-json\/wp\/v2\/pages"}],"about":[{"href":"https:\/\/www.robertholcman.net\/index.php\/wp-json\/wp\/v2\/types\/page"}],"author":[{"embeddable":true,"href":"https:\/\/www.robertholcman.net\/index.php\/wp-json\/wp\/v2\/users\/1"}],"replies":[{"embeddable":true,"href":"https:\/\/www.robertholcman.net\/index.php\/wp-json\/wp\/v2\/comments?post=61"}],"version-history":[{"count":24,"href":"https:\/\/www.robertholcman.net\/index.php\/wp-json\/wp\/v2\/pages\/61\/revisions"}],"predecessor-version":[{"id":1045,"href":"https:\/\/www.robertholcman.net\/index.php\/wp-json\/wp\/v2\/pages\/61\/revisions\/1045"}],"wp:attachment":[{"href":"https:\/\/www.robertholcman.net\/index.php\/wp-json\/wp\/v2\/media?parent=61"}],"curies":[{"name":"wp","href":"https:\/\/api.w.org\/{rel}","templated":true}]}}