{"id":59,"date":"2019-10-26T15:26:44","date_gmt":"2019-10-26T13:26:44","guid":{"rendered":"http:\/\/www.robertholcman.net\/\/?page_id=59"},"modified":"2023-02-03T15:51:12","modified_gmt":"2023-02-03T14:51:12","slug":"rapports-de-ligas","status":"publish","type":"page","link":"https:\/\/www.robertholcman.net\/index.php\/rapports-de-ligas\/","title":{"rendered":"Rapports de l&rsquo;IGAS"},"content":{"rendered":"\n<p><em>L\u2019Inspection G\u00e9n\u00e9rale des Affaires Sociales (IGAS) est le service  interminist\u00e9riel de contr\u00f4le, d\u2019audit et d\u2019\u00e9valuation des politiques  sociales mis \u00e0 disposition des autorit\u00e9s sanitaires et sociales afin  d&rsquo;\u00e9clairer leurs d\u00e9cisions. Elle r\u00e9unit une centaine d&rsquo;experts de la  coh\u00e9sion sociale, de la protection sociale, du travail et de la sant\u00e9. On trouvera ci-dessous ses principaux rapports consacr\u00e9s \u00e0  l&rsquo;h\u00f4pital, au syst\u00e8me hospitalier, et aux sujets aff\u00e9rents.<\/em><\/p>\n\n\n\n<p class=\"has-text-align-center\" style=\"font-size:5px\">.<\/p>\n\n\n\n<p class=\"has-text-align-center\" style=\"font-size:5px\">.<\/p>\n\n\n\n<p><a href=\"https:\/\/www.robertholcman.net\/wp-content\/uploads\/2023\/02\/igas-inspection-generale-affaires-sociales-evolution-profession-formation-infirmieres-octobre-2022.pdf\" target=\"_blank\" rel=\"noreferrer noopener\">\u00c9volution de la profession et de la formation infirmi\u00e8res<\/a><br>(octobre 2022)<\/p>\n\n\n\n<p><a href=\"https:\/\/www.robertholcman.net\/wp-content\/uploads\/2023\/02\/igas-inspection-generale-affaires-sociales-concertation-pratique-avancee-infirmiere-aout-2022.pdf\" target=\"_blank\" rel=\"noreferrer noopener\">Concertation sur la pratique avanc\u00e9e infirmi\u00e8re<\/a><br>(ao\u00fbt 2022)<\/p>\n\n\n\n<p><a rel=\"noreferrer noopener\" href=\"https:\/\/www.robertholcman.net\/wp-content\/uploads\/2022\/08\/rapport-inspection-generale-affaires-sociales-igas-gestion-etablissements-hebergement-personnes-agees-dependantes-ehpad-groupe-orpea-mars-2022.pdf\" target=\"_blank\">La gestion des \u00e9tablissements d\u2019h\u00e9bergement de personnes \u00e2g\u00e9es d\u00e9pendantes (Ehpad) du groupe ORP\u00c9A<\/a><br>(mars 2022)<\/p>\n\n\n\n<p><a href=\"https:\/\/www.robertholcman.net\/wp-content\/uploads\/2022\/08\/rapport-inspection-generale-affaires-sociales-igas-experimentation-acces-direct-actes-masso-kinesitherapie-2021.pdf\" target=\"_blank\" rel=\"noreferrer noopener\">Exp\u00e9rimentation de l\u2019acc\u00e8s direct aux actes de masso-kin\u00e9sith\u00e9rapie<\/a><br>(2021)<\/p>\n\n\n\n<p><a href=\"https:\/\/www.robertholcman.net\/wp-content\/uploads\/2022\/08\/rapport-inspection-generale-affaires-sociales-igas-formation-continue-fonction-publique-hospitaliere-decembre-2021.pdf\" target=\"_blank\" rel=\"noreferrer noopener\">La formation continue dans la fonction publique hospitali\u00e8re<\/a><br>(d\u00e9cembre 2021)<\/p>\n\n\n\n<p><a href=\"https:\/\/www.robertholcman.net\/wp-content\/uploads\/2022\/08\/rapport-inspection-generale-affaires-sociales-igas-vulnerabilites-approvisionnement-produits-sante-decembre-2021.pdf\" target=\"_blank\" rel=\"noreferrer noopener\">Les vuln\u00e9rabilit\u00e9s d\u2019approvisionnement en produits de sant\u00e9<\/a><br>(d\u00e9cembre 2021)<\/p>\n\n\n\n<p><a href=\"https:\/\/www.robertholcman.net\/wp-content\/uploads\/2022\/08\/rapport-inspection-generale-affaires-sociales-igas-offre-soins-critiques-reponse-besoin-courant-situations-sanitaires-exceptionnelles-juillet-2021.pdf\" target=\"_blank\" rel=\"noreferrer noopener\">L\u2019offre de soins critiques : r\u00e9ponse au besoin courant et aux situations sanitaires exceptionnelles<\/a><br>(juillet 2021)<\/p>\n\n\n\n<p><a href=\"https:\/\/www.robertholcman.net\/wp-content\/uploads\/2022\/08\/rapport-inspection-generale-affaires-sociales-igas-evolution-profession-de-sage-femme-juillet-2021.pdf\" target=\"_blank\" rel=\"noreferrer noopener\">L\u2019\u00e9volution de la profession de sage-femme<\/a><br>(juillet 2021)<\/p>\n\n\n\n<p><a href=\"https:\/\/www.robertholcman.net\/wp-content\/uploads\/2022\/08\/rapport-inspection-generale-affaires-sociales-igas-regroupement-anact-reseau-aract-juin-2021.pdf\" target=\"_blank\" rel=\"noreferrer noopener\">Le regroupement de l\u2019ANACT et du r\u00e9seau des ARACT<\/a><br>(juin 2021)<\/p>\n\n\n\n<p><a href=\"https:\/\/www.robertholcman.net\/wp-content\/uploads\/2022\/08\/rapport-inspection-generale-affaires-sociales-igas-pediatrie-organisation-soins-sante-enfant-france-mai-2021.pdf\" target=\"_blank\" rel=\"noreferrer noopener\">La p\u00e9diatrie et l\u2019organisation des soins de sant\u00e9 de l\u2019enfant en France<\/a><br>(mai 2021)<\/p>\n\n\n\n<p><a href=\"https:\/\/www.robertholcman.net\/wp-content\/uploads\/2022\/08\/rapport-inspection-generale-affaires-sociales-igas-etat-lieux-propositions-preparation-ordonnances-recertification-professionnels-sante-ordre-fevrier-2021.pdf\" target=\"_blank\" rel=\"noreferrer noopener\">\u00c9tat des lieux et propositions en vue de la pr\u00e9paration des ordonnances sur la \u00ab&nbsp;recertification&nbsp;\u00bb des professionnels de sant\u00e9 \u00e0 ordre<\/a><br>(f\u00e9vrier 2021)<\/p>\n\n\n\n<p><a href=\"https:\/\/www.robertholcman.net\/wp-content\/uploads\/2022\/08\/rapport-inspection-generale-affaires-sociales-igas-consolider-indemnisation-publique-champ-sante-enjeux-modalites-rapprochement-fiva-oniam-fevrier-2021.pdf\" target=\"_blank\" rel=\"noreferrer noopener\">Consolider l\u2019indemnisation publique dans le champ de la sant\u00e9 &#8211; Enjeux et modalit\u00e9s du rapprochement entre le FIVA et l\u2019ONIAM<\/a><br>(f\u00e9vrier 2021)<\/p>\n\n\n\n<p><a rel=\"noreferrer noopener\" href=\"https:\/\/www.robertholcman.net\/wp-content\/uploads\/2022\/06\/rapport-igas-fevrier-2021-manipulateur-electroradiologie-medicale-metier-tension-attractivite-renforcee.pdf\" target=\"_blank\">Manipulateur en \u00e9lectroradiologie m\u00e9dicale : un m\u00e9tier en tension, une attractivit\u00e9 \u00e0 renforcer<\/a><br>(f\u00e9vrier 2021)<\/p>\n\n\n\n<p><a rel=\"noreferrer noopener\" href=\"https:\/\/www.robertholcman.net\/wp-content\/uploads\/2021\/04\/rapport-igas-evaluation-dette-etablissements-publics-sante-modalites-reprise-avril-2020.pdf\" target=\"_blank\">\u00c9valuation de la dette des \u00e9tablissements publics de sant\u00e9 et des modalit\u00e9s de sa reprise<\/a><br>(avril 2020)<\/p>\n\n\n\n<p><a rel=\"noreferrer noopener\" href=\"https:\/\/www.robertholcman.net\/wp-content\/uploads\/2021\/02\/rapport-igas-septembre-2020-deploiement-5G-sanitaire-technique-sante.pdf\" target=\"_blank\">D\u00e9ploiement de la 5G en France et dans le monde : aspects techniques et sanitaires<\/a><br>(septembre 2020)<\/p>\n\n\n\n<p><a href=\"https:\/\/www.robertholcman.net\/wp-content\/uploads\/2020\/07\/rapport-igas-bilan-etape-groupements-hospitaliers-territoire-ght-2019.pdf\" target=\"_blank\" rel=\"noreferrer noopener\">Bilan d\u2019\u00e9tape des groupements hospitaliers de territoire (GHT) \u2013 tome I<\/a><br>(d\u00e9cembre 2019)<\/p>\n\n\n\n<p><a href=\"https:\/\/www.robertholcman.net\/wp-content\/uploads\/2020\/07\/rapport-igas-reanimation-pediatrique-ile-de-france-conclusion-mission-flash-2019.pdf\">R\u00e9animation p\u00e9diatrique en Ile-de-France&nbsp;: note de conclusion de la mission flash<\/a><br>(d\u00e9cembre 2019)<\/p>\n\n\n\n<p><a href=\"https:\/\/www.robertholcman.net\/wp-content\/uploads\/2019\/11\/rapport-igas-aide-medicale-etat-diagnostic-propositions-2019.pdf\" target=\"_blank\" rel=\"noreferrer noopener\">L\u2019aide m\u00e9dicale d\u2019\u00c9tat : diagnostic et propositions<\/a><br>(octobre 2019)<\/p>\n\n\n\n<p><a href=\"https:\/\/www.robertholcman.net\/wp-content\/uploads\/2019\/11\/rapport-igas-deploiement-communautes-professionnelles-territoriales-sante-2018.pdf\">D\u00e9ploiement des communaut\u00e9s professionnelles territoriales de sant\u00e9<\/a><br>(ao\u00fbt 2018)<\/p>\n\n\n\n<p><a href=\"https:\/\/www.robertholcman.net\/wp-content\/uploads\/2019\/11\/rapport-igas-personnels-enseignants-hospitaliers-ordonnance-1958-2018.pdf\" target=\"_blank\" rel=\"noreferrer noopener\">Les personnels enseignants et hospitaliers, 60 ans apr\u00e8s l\u2019ordonnance de 1958 : propositions d\u2019\u00e9volution<\/a><br>(juillet 2018)<\/p>\n\n\n\n<p><a href=\"https:\/\/www.robertholcman.net\/wp-content\/uploads\/2019\/11\/rapport-igas-evaluation-application-loi-2-fevrier-2016-fin-vie-2018.pdf\" target=\"_blank\" rel=\"noreferrer noopener\">\u00c9valuation de l\u2019application de la loi du 2 f\u00e9vrier 2016 sur la fin de vie<\/a><br>(avril 2018)<\/p>\n\n\n\n<p><a href=\"https:\/\/www.robertholcman.net\/wp-content\/uploads\/2019\/11\/rapport-igas-evaluation-actions-activite-physique-sportive-fins-sante-2018.pdf\" target=\"_blank\" rel=\"noreferrer noopener\">\u00c9valuation des actions men\u00e9es en mati\u00e8re d\u2019activit\u00e9 physique et sportive \u00e0 des fins de sant\u00e9<\/a><br>(mars 2018)<\/p>\n\n\n\n<p><a href=\"https:\/\/www.robertholcman.net\/wp-content\/uploads\/2019\/11\/rapport-igas-besoins-sante-formant-mieux-m\u00e9decins-propositions-\u00e9valuer-r\u00e9viser-troisieme-cycle-etudes-medicales-2017.pdf\" target=\"_blank\" rel=\"noreferrer noopener\">R\u00e9pondre aux besoins de sant\u00e9 en formant mieux les m\u00e9decins : propositions pour \u00e9valuer et r\u00e9viser le troisi\u00e8me cycle des \u00e9tudes m\u00e9dicales<\/a><br>(d\u00e9cembre 2017)<\/p>\n\n\n\n<p><a href=\"https:\/\/www.robertholcman.net\/wp-content\/uploads\/2019\/11\/rapport-igas-organisation-fonctionnement-dispositif-soins-psychiatriques-circulaire-15-mars-1960-tome-1-2017.pdf\" target=\"_blank\" rel=\"noreferrer noopener\">Organisation et fonctionnement du dispositif de soins psychiatriques, 60 ans apr\u00e8s la circulaire du 15 mars 1960 \u2013 Tome 1<\/a><br>(novembre 2017)<\/p>\n\n\n\n<p><a href=\"https:\/\/www.robertholcman.net\/wp-content\/uploads\/2019\/11\/rapport-igas-2017-organisation-fonctionnement-dispositif-soins-psychiatriques.pdf\" target=\"_blank\" rel=\"noreferrer noopener\">Organisation et fonctionnement du dispositif de soins psychiatriques, 60 ans apr\u00e8s la circulaire du 15 mars 1960 \u2013 Tome 2<\/a><br>(novembre 2017)<\/p>\n\n\n\n<p><a href=\"https:\/\/www.robertholcman.net\/wp-content\/uploads\/2019\/11\/rapport-igas-reseaux-soins-2017.pdf\" target=\"_blank\" rel=\"noreferrer noopener\">Les r\u00e9seaux de soins<\/a><br>(juin 2017)<\/p>\n\n\n\n<p><a href=\"https:\/\/www.robertholcman.net\/wp-content\/uploads\/2019\/11\/rapport-igas-prise-en-charge-hopital-femmes-victimes-violence-mod\u00e9lisation-2017.pdf\" target=\"_blank\" rel=\"noreferrer noopener\">La prise en charge \u00e0 l\u2019h\u00f4pital des femmes victimes de violence : \u00e9l\u00e9ments en vue d\u2019une mod\u00e9lisation<\/a><br>(mai 2017)<\/p>\n\n\n\n<p><a href=\"https:\/\/www.robertholcman.net\/wp-content\/uploads\/2019\/11\/rapport-igas-soins-palliatifs-fin-vie-domicile-2017.pdf\" target=\"_blank\" rel=\"noreferrer noopener\">Les soins palliatifs et la fin de vie \u00e0 domicile<\/a><br>(janvier 2017)<\/p>\n\n\n\n<p><a href=\"https:\/\/www.robertholcman.net\/wp-content\/uploads\/2019\/11\/rapport-igas-etablissements-sante-risques-psychosociaux-personnels-medicaux-2016.pdf\" target=\"_blank\" rel=\"noreferrer noopener\">\u00c9tablissements de sant\u00e9 &#8211; Risques psychosociaux des personnels m\u00e9dicaux<\/a><br>(d\u00e9cembre 2016)<\/p>\n\n\n\n<p><a href=\"https:\/\/www.robertholcman.net\/wp-content\/uploads\/2019\/11\/rapport-igas-modele-economique-instituts-hospitalo-universitaires-IHU-2016.pdf\" target=\"_blank\" rel=\"noreferrer noopener\">Le \u00ab mod\u00e8le \u00e9conomique \u00bb des instituts hospitalo-universitaires (IHU)<\/a><br>(d\u00e9cembre 2016)<\/p>\n\n\n\n<p><a href=\"https:\/\/www.robertholcman.net\/wp-content\/uploads\/2019\/11\/rapport-igas-organisation-stages-etudiants-deuxi\u00e8me-cycle-medecine-etablissements-sante-2016.pdf\" target=\"_blank\" rel=\"noreferrer noopener\">L\u2019organisation des stages des \u00e9tudiants de deuxi\u00e8me cycle de m\u00e9decine dans les \u00e9tablissements de sant\u00e9<\/a><br>(ao\u00fbt 2016)<\/p>\n\n\n\n<p><a href=\"https:\/\/www.robertholcman.net\/wp-content\/uploads\/2019\/11\/rapport-igas-transports-sanitaires-revue-d\u00e9penses-2016.pdf\" target=\"_blank\" rel=\"noreferrer noopener\">Les transports sanitaires &#8211; Revue de d\u00e9penses 2016<\/a><br>(avril 2016)<\/p>\n\n\n\n<p><a href=\"https:\/\/www.robertholcman.net\/wp-content\/uploads\/2019\/11\/rapport-igas-unites-soins-longue-duree-2016.pdf\" target=\"_blank\" rel=\"noreferrer noopener\">Les unit\u00e9s de soins de longue dur\u00e9e (USLD)<\/a><br>(mars 2016)<\/p>\n\n\n\n<p><a href=\"https:\/\/www.robertholcman.net\/wp-content\/uploads\/2019\/11\/rapport-igas-developpement-prises-en-charge-hospitalieres-ambulatoires-medecine-2016.pdf\" target=\"_blank\" rel=\"noreferrer noopener\">D\u00e9veloppement des prises en charge hospitali\u00e8res ambulatoires de m\u00e9decine<\/a><br>(f\u00e9vrier 2016)<\/p>\n\n\n\n<p><a href=\"https:\/\/www.robertholcman.net\/wp-content\/uploads\/2019\/11\/rapport-igas-expertise-modalites-gestion-directives-anticipees-fin-vie-2015.pdf\" target=\"_blank\" rel=\"noreferrer noopener\">Expertise sur les modalit\u00e9s de gestion des directives anticip\u00e9es de fin de vie<\/a><br>(octobre 2015)<\/p>\n\n\n\n<p><a href=\"https:\/\/www.robertholcman.net\/wp-content\/uploads\/2019\/11\/rapport-igas-reforme-troisieme-cycle-etudes-medicales-mission-complementaire-faisabilite-administrative-2015.pdf\" target=\"_blank\" rel=\"noreferrer noopener\">R\u00e9forme du troisi\u00e8me cycle des \u00e9tudes m\u00e9dicales &#8211; Mission compl\u00e9mentaire d\u2019\u00e9tude sur la faisabilit\u00e9 administrative de la r\u00e9forme<\/a><br>(janvier 2015)<\/p>\n\n\n\n<p><a href=\"\/public\/documents_institutionnels\/Rapports_IGAS\/rapport_igas_2014_evaluation_medico_economique_sante.pdf\" target=\"_blank\" rel=\"noreferrer noopener\">\u00c9valuation m\u00e9dico-\u00e9conomique en sant\u00e9<\/a><br>(d\u00e9cembre 2014)<\/p>\n\n\n\n<p><a href=\"\/public\/documents_institutionnels\/Rapports_IGAS\/rapport_igas_2014_perspectives_developpement_chirurgie_ambulatoire_france.pdf\" target=\"_blank\" rel=\"noreferrer noopener\">Perspective du d\u00e9veloppement de la chirurgie ambulatoire en France<\/a><br>(juillet 2014)<\/p>\n\n\n\n<p><a href=\"\/public\/documents_institutionnels\/Rapports_IGAS\/rapport_igas_2014_controle_assistance_publique_hopitaux_marseille.pdf\" target=\"_blank\" rel=\"noreferrer noopener\">Contr\u00f4le de l\u2019Assistance Publique-H\u00f4pitaux de Marseille (AP-HM)<\/a><br>(janvier 2014)<\/p>\n\n\n\n<p><a href=\"\/public\/documents_institutionnels\/Rapports_IGAS\/igas_2014_evolution_volumes_activite_etablissements_sante_description_determinants_prevision.pdf\" target=\"_blank\" rel=\"noreferrer noopener\">L\u2019\u00e9volution des volumes d\u2019activit\u00e9 des \u00e9tablissements de sant\u00e9 : description, d\u00e9terminants et pr\u00e9vision<\/a><br>(f\u00e9vrier 2014) <\/p>\n\n\n\n<p><a href=\"\/public\/documents_institutionnels\/Rapports_IGAS\/igas_2014_formations_paramedicales_bilan_poursuite_processus_integration_dispositif_lmd.pdf\" target=\"_blank\" rel=\"noreferrer noopener\">Les formations param\u00e9dicales : Bilan et poursuite du processus d\u2019int\u00e9gration dans le dispositif LMD<\/a><br>(f\u00e9vrier 2014)<\/p>\n\n\n\n<p><a href=\"\/public\/documents_institutionnels\/Rapports_IGAS\/igas_centres_sante_situation_economique_place_offre_soins_demain.pdf\" target=\"_blank\" rel=\"noreferrer noopener\">Les centres de sant\u00e9&nbsp;: situation \u00e9conomique et place dans l\u2019offre de soins de demain<\/a><br>(juillet 2013)<\/p>\n\n\n\n<p><a href=\"\/public\/documents_institutionnels\/Rapports_IGAS\/rapport_igas_2013_evaluation_financement_pilotage_investissement_hospitalier.pdf\">\u00c9valuation du financement et du pilotage de l\u2019investissement hospitalier<\/a><br>(mai 2013)<\/p>\n\n\n\n<p><a href=\"\/public\/documents_institutionnels\/Rapports_IGAS\/rapport_igas_2013_articulation_fonction_inspection_controle_ars_certification_evaluation_contractualisation.pdf\" target=\"_blank\" rel=\"noreferrer noopener\">Articulation de la fonction inspection contr\u00f4le des ARS avec les autres fonctions concourant \u00e0 l&rsquo;am\u00e9lioration de la qualit\u00e9 au sein des \u00e9tablissements sanitaires et m\u00e9dicosociaux (certification, \u00e9valuation, contractualisation)<\/a><br>(avril 2013)<\/p>\n\n\n\n<p><a href=\"https:\/\/www.robertholcman.net\/public\/documents_institutionnels\/Rapports_IGAS\/rapport_igas_2012_hopital.pdf\" target=\"_blank\" rel=\"noreferrer noopener\">Rapport de l\u2019IGAS 2012&nbsp;: L\u2019h\u00f4pital<\/a><br>(f\u00e9vrier 2013)<\/p>\n\n\n\n<p><a href=\"\/public\/documents_institutionnels\/Rapports_IGAS\/rapport_igas_2013_evaluation_place_role_cliniques_privees_offre_soins.pdf\" target=\"_blank\" rel=\"noreferrer noopener\">\u00c9valuation de la place et du r\u00f4le des cliniques priv\u00e9es dans l&rsquo;offre de soins<\/a><br>(septembre 2012)<\/p>\n\n\n\n<p><a href=\"\/public\/documents_institutionnels\/Rapports_IGAS\/rapport_igas_2012_evaluation_tarification_soins_hospitaliers_actes_medicaux.pdf\" target=\"_blank\" rel=\"noreferrer noopener\">\u00c9valuation de la tarification des soins hospitaliers et des actes m\u00e9dicaux<\/a><br>(mars 2012)<\/p>\n\n\n\n<p><a href=\"\/public\/documents_institutionnels\/Rapports_IGAS\/rapport_igas_2012_evaluation_effet_tarification_activite_management_etablissements_sante.pdf\" target=\"_blank\" rel=\"noreferrer noopener\">\u00c9valuation des effets de la tarification \u00e0 l\u2019activit\u00e9 sur le management des \u00e9tablissements de sant\u00e9<\/a><br>(mars 2012)<\/p>\n\n\n\n<p><a href=\"\/public\/documents_institutionnels\/Rapports_IGAS\/igas_bilan_perspective_ecole_hautes_etudes_sante_publique_2011.pdf\" target=\"_blank\" rel=\"noreferrer noopener\">Bilan perspective de l&rsquo;\u00c9cole des hautes \u00e9tudes en sant\u00e9 publique (EHESP)<\/a><br>(juin 2011)<\/p>\n\n\n\n<p><a href=\"\/public\/documents_institutionnels\/Rapports_IGAS\/igas_rapport_expertise_sanitaire_2011.pdf\" target=\"_blank\" rel=\"noreferrer noopener\">Expertise sanitaire &#8211; rapport de synth\u00e8se<\/a><br>(avril 2011)<\/p>\n\n\n\n<p><a href=\"\/public\/documents_institutionnels\/Rapports_IGAS\/rapport_igas_pratiques_comptabilite_analytique_etablissements_sante.pdf\" target=\"_blank\" rel=\"noreferrer noopener\">Pratiques de comptabilit\u00e9 analytique en \u00e9tablissements de sant\u00e9&nbsp;: examen du d\u00e9ploiement des outils dans un panel d&rsquo;\u00e9tablissements de sant\u00e9<\/a><br>(d\u00e9cembre 2010)<\/p>\n\n\n\n<p><a href=\"\/public\/documents_institutionnels\/Rapports_IGAS\/igas_quelle_formation_cadres_hospitaliers.pdf\" target=\"_blank\" rel=\"noreferrer noopener\">Quelle formation pour les cadres hospitaliers&nbsp;?<\/a><br>(novembre 2010) <\/p>\n\n\n\n<p><a href=\"\/public\/documents_institutionnels\/Rapports_IGAS\/igas_hospitalisation_domicile.pdf\">Hospitalisation \u00e0 domicile (HAD)<\/a><br>(novembre 2010) <\/p>\n\n\n\n<p><a href=\"\/public\/documents_institutionnels\/Rapports_IGAS\/igas_analyse_evolution_depenses_aide_medicale_etat_2010.pdf\" target=\"_blank\" rel=\"noreferrer noopener\">Analyse de l\u2019\u00e9volution des d\u00e9penses au titre de l\u2019aide m\u00e9dicale d\u2019Etat<\/a><br>(Inspection g\u00e9n\u00e9rale des Finances\/inspection g\u00e9n\u00e9rale des Affaires sociales, novembre 2010) <\/p>\n\n\n\n<p><a href=\"\/public\/documents_institutionnels\/Rapports_IGAS\/igas_information_usagers_qualite_prise_charge_etablissement_sante.pdf\" target=\"_blank\" rel=\"noreferrer noopener\">Information des usagers sur la qualit\u00e9 des prises en charge des \u00e9tablissements de sant\u00e9<\/a><br>(juillet 2010) <\/p>\n\n\n\n<p><a href=\"\/public\/documents_institutionnels\/Rapports_IGAS\/igas_bilan_organisation_poles_activite_delegations_gestion_etablissements_de_sante.pdf\" target=\"_blank\" rel=\"noreferrer noopener\">Bilan de l\u2019organisation en p\u00f4les d\u2019activit\u00e9 et des d\u00e9l\u00e9gations de gestion mises en place dans les \u00e9tablissements de sant\u00e9<\/a><br>(f\u00e9vrier 2010)<\/p>\n\n\n\n<p><a href=\"\/public\/documents_institutionnels\/Rapports_IGAS\/igas_mort_hopital.pdf\" target=\"_blank\" rel=\"noreferrer noopener\">La mort \u00e0 l\u2019h\u00f4pital<\/a><br>(novembre 2009)<\/p>\n\n\n\n<p><a href=\"\/public\/documents_institutionnels\/Rapports_IGAS\/igas_financement_recherche_enseignement_missions_interet_general_etablissements_sante_2009.pdf\" target=\"_blank\" rel=\"noreferrer noopener\">Le financement de la recherche, de l&rsquo;enseignement et des missions d&rsquo;int\u00e9r\u00eat g\u00e9n\u00e9ral dans les \u00e9tablissements de sant\u00e9<\/a><br>(novembre 2009)<\/p>\n\n\n\n<p><a href=\"\/public\/documents_institutionnels\/Rapports_IGAS\/igas_insee_suivi_depenses_hospitalieres_assurance_maladie.pdf\" target=\"_blank\" rel=\"noreferrer noopener\">Rapport sur le suivi des d\u00e9penses hospitali\u00e8res de l\u2019assurance maladie<\/a><br>(mai 2008)<\/p>\n\n\n\n<p><a href=\"\/public\/documents_institutionnels\/Rapports_IGAS\/igas_elements_analyse_recommandations_accident_radiotherapie_toulouse.pdf\" target=\"_blank\" rel=\"noreferrer noopener\">\u00c9l\u00e9ments d\u2019analyse et recommandations sur l\u2019accident de radioth\u00e9rapie survenu au CHU de Toulouse<\/a><br>(Inspection g\u00e9n\u00e9rale des Affaires sociales\/Autorit\u00e9 de s\u00fbret\u00e9 nucl\u00e9aire, f\u00e9vrier 2008)<\/p>\n\n\n\n<p><a href=\"\/public\/documents_institutionnels\/Rapports_IGAS\/igas_contrat_retour_equilibre_financier_cref_hopitaux_perdants_taa.pdf\" target=\"_blank\" rel=\"noreferrer noopener\">Rapport sur le contr\u00f4le des mesures prises dans le cadre du contrat de retour \u00e0 l&rsquo;\u00e9quilibre financier (CREF) par les h\u00f4pitaux \u00ab\u00a0perdants\u00a0\u00bb \u00e0 la T2A<\/a><br>(janvier 2008)<\/p>\n\n\n\n<p><a href=\"\/public\/documents_institutionnels\/Rapports_IGAS\/igas_rapport_dossier_medical_personnalise_dmp.pdf\" target=\"_blank\" rel=\"noreferrer noopener\">Rapport sur le dossier m\u00e9dical personnalis\u00e9<\/a><br>(Inspection g\u00e9n\u00e9rale des Finances\/Inspection g\u00e9n\u00e9rale des Affaires sociales\/Conseil g\u00e9n\u00e9ral des technologies de l&rsquo;information, novembre 2007)<\/p>\n\n\n\n<p><a href=\"\/public\/documents_institutionnels\/Rapports_IGAS\/igas_gestion_aide_medicale_etat_2007.pdf\" target=\"_blank\" rel=\"noreferrer noopener\">Rapport sur la gestion de l&rsquo;aide m\u00e9dicale d&rsquo;\u00c9tat<\/a><br>(Inspection g\u00e9n\u00e9rale des Finances\/Inspection g\u00e9n\u00e9rale des Affaires sociales, mai 2007)<\/p>\n\n\n\n<p><a href=\"\/public\/documents_institutionnels\/Rapports_IGAS\/igas_agences_regionales_hospitalisation_pilotage_depenses_hospitalieres.pdf\" target=\"_blank\" rel=\"noreferrer noopener\">Rapport sur les agences r\u00e9gionales d&rsquo;hospitalisation et le pilotage des d\u00e9penses hospitali\u00e8res<\/a><br>(Inspection g\u00e9n\u00e9rale des Finances\/Inspection g\u00e9n\u00e9rale des Affaires sociales, avril 2007)<\/p>\n\n\n\n<p><a href=\"\/public\/documents_institutionnels\/Rapports_IGAS\/igas_depassements_honoraires_medicaux.pdf\" target=\"_blank\" rel=\"noreferrer noopener\">Les d\u00e9passements d&rsquo;honoraires m\u00e9dicaux<\/a><br>(avril 2007)<\/p>\n\n\n\n<p><a href=\"\/public\/documents_institutionnels\/Rapports_IGAS\/igas_mesure_satisfaction_usagers_etablissements_sante.pdf\" target=\"_blank\" rel=\"noreferrer noopener\">Mesure de la satisfaction des usagers des \u00e9tablissements de sant\u00e9<\/a><br>(mars 2007)<\/p>\n\n\n\n<p><a href=\"\/public\/documents_institutionnels\/Rapports_IGAS\/igas_tarification_activite_ecarts_couts_travail_etablissements_publics_psph.pdf\" target=\"_blank\" rel=\"noreferrer noopener\">Tarification \u00e0 l&rsquo;activit\u00e9 et \u00e9carts de co\u00fbts du travail entre les \u00e9tablissements publics et PSPH<\/a><br>(mars 2007)<\/p>\n\n\n\n<p><a href=\"\/public\/documents_institutionnels\/Rapports_IGAS\/igas_audit_organisation_pilotage_organismes_oeuvrant_informatisation_systeme_sante.pdf\" target=\"_blank\" rel=\"noreferrer noopener\">Audit de l&rsquo;organisation et du pilotage des organismes oeuvrant \u00e0 l&rsquo;informatisation du syst\u00e8me de sant\u00e9<\/a><br>(novembre 2006)<\/p>\n\n\n\n<p><a href=\"\/public\/documents_institutionnels\/Rapports_IGAS\/igas_secours_personne.pdf\" target=\"_blank\" rel=\"noreferrer noopener\">Secours \u00e0 personne<\/a><br>(Inspection g\u00e9n\u00e9rale de l&rsquo;Administration\/Inspection g\u00e9n\u00e9rale des Affaires sociales, juin 2006)<\/p>\n\n\n\n<p><a href=\"\/public\/documents_institutionnels\/Rapports_IGAS\/igas_mission_appui_convergence_tarifaire_t2a_public_prive.pdf\" target=\"_blank\" rel=\"noreferrer noopener\">Mission d&rsquo;appui sur la convergence tarifaire public\/priv\u00e9<\/a><br>(Inspection g\u00e9n\u00e9rale des Affaires sociales, janvier 2006)<\/p>\n\n\n\n<p><a href=\"\/public\/documents_institutionnels\/Rapports_IGAS\/igas_rapport_enquete_pilotage_depenses_hospitalieres.pdf\" target=\"_blank\" rel=\"noreferrer noopener\">Rapport d&rsquo;enqu\u00eate sur le pilotage des d\u00e9penses hospitali\u00e8res<\/a><br>(juillet 2005)<\/p>\n\n\n\n<p><a href=\"\/public\/documents_institutionnels\/Rapports_IGAS\/igas_creation_ecole_hautes_etudes_sante_publique.pdf\" target=\"_blank\" rel=\"noreferrer noopener\">Rapport relatif \u00e0 la cr\u00e9ation de l&rsquo;\u00c9cole des hautes \u00e9tudes en Sant\u00e9 publique<\/a><br>(Inspection g\u00e9n\u00e9rale des Affaires sociales\/Inspection g\u00e9n\u00e9rale de l&rsquo;Administration, 2004)<\/p>\n","protected":false},"excerpt":{"rendered":"<p>L\u2019Inspection G\u00e9n\u00e9rale des Affaires Sociales (IGAS) est le service interminist\u00e9riel de contr\u00f4le, d\u2019audit et d\u2019\u00e9valuation des politiques sociales mis \u00e0 disposition des autorit\u00e9s sanitaires et sociales afin d&rsquo;\u00e9clairer leurs d\u00e9cisions. Elle r\u00e9unit une centaine d&rsquo;experts de la coh\u00e9sion sociale, de la protection sociale, du travail et de la sant\u00e9. On trouvera ci-dessous ses principaux rapports &hellip; <a href=\"https:\/\/www.robertholcman.net\/index.php\/rapports-de-ligas\/\" class=\"more-link\">Continuer la lecture<span class=\"screen-reader-text\"> de &laquo;&nbsp;Rapports de l&rsquo;IGAS&nbsp;&raquo;<\/span><\/a><\/p>\n","protected":false},"author":1,"featured_media":0,"parent":0,"menu_order":16,"comment_status":"closed","ping_status":"closed","template":"","meta":{"footnotes":""},"class_list":["post-59","page","type-page","status-publish","hentry"],"_links":{"self":[{"href":"https:\/\/www.robertholcman.net\/index.php\/wp-json\/wp\/v2\/pages\/59","targetHints":{"allow":["GET"]}}],"collection":[{"href":"https:\/\/www.robertholcman.net\/index.php\/wp-json\/wp\/v2\/pages"}],"about":[{"href":"https:\/\/www.robertholcman.net\/index.php\/wp-json\/wp\/v2\/types\/page"}],"author":[{"embeddable":true,"href":"https:\/\/www.robertholcman.net\/index.php\/wp-json\/wp\/v2\/users\/1"}],"replies":[{"embeddable":true,"href":"https:\/\/www.robertholcman.net\/index.php\/wp-json\/wp\/v2\/comments?post=59"}],"version-history":[{"count":27,"href":"https:\/\/www.robertholcman.net\/index.php\/wp-json\/wp\/v2\/pages\/59\/revisions"}],"predecessor-version":[{"id":947,"href":"https:\/\/www.robertholcman.net\/index.php\/wp-json\/wp\/v2\/pages\/59\/revisions\/947"}],"wp:attachment":[{"href":"https:\/\/www.robertholcman.net\/index.php\/wp-json\/wp\/v2\/media?parent=59"}],"curies":[{"name":"wp","href":"https:\/\/api.w.org\/{rel}","templated":true}]}}