{"id":5,"date":"2019-10-24T19:49:14","date_gmt":"2019-10-24T17:49:14","guid":{"rendered":"http:\/\/www.robertholcman.net\/\/?page_id=5"},"modified":"2019-12-12T18:03:09","modified_gmt":"2019-12-12T17:03:09","slug":"accueil","status":"publish","type":"page","link":"https:\/\/www.robertholcman.net\/","title":{"rendered":"Accueil"},"content":{"rendered":"\n<p><br>Au fil de mon travail de recherche, d\u2019enseignement et de publication, j\u2019ai pris la mesure de la difficult\u00e9 d\u2019acc\u00e9der aux informations pertinentes sur le net ; il est fort probable que vous \u00e9prouviez parfois le m\u00eame sentiment.<br><br>J\u2019ai donc cr\u00e9\u00e9 ce site o\u00f9 vous trouverez des adresses comment\u00e9es de revues, d\u2019institutions, de bases de donn\u00e9es documentaires, ainsi que des listes th\u00e9matiques de r\u00e9f\u00e9rences bibliographiques. Les revues signal\u00e9es sont francophones ou anglophones, mais dans tous les cas non math\u00e9matis\u00e9es. Quant aux sites internet, ce n\u2019est pas une compilation d\u2019adresses glan\u00e9es \u00e7a et l\u00e0 que je vous propose mais bien les sites les plus pertinents que j\u2019utilise r\u00e9guli\u00e8rement.<br><br>Les domaines couverts sont ceux de l\u2019emploi, du ch\u00f4mage, de la sant\u00e9,\u00a0de la protection sociale, de l&rsquo;organisation hospitali\u00e8re, du management (public et priv\u00e9), et de la gestion des ressources humaines.<br><br>Vous y trouverez aussi des \u00e9l\u00e9ments relatifs \u00e0 mon parcours personnel, notamment mon\u00a0<em>curriculum vitae <\/em>et mes publications, dont la plupart sont en acc\u00e8s libre et int\u00e9gral. C&rsquo;est le cas de nombreux articles, de ma th\u00e8se de doctorat, de m\u00e9moires universitaires, ainsi que des rapports de missions d&rsquo;\u00e9tude. Le logo \u24bd signale les rubriques personnelles.<br><br>Ce site s\u2019adresse \u00e0 des universitaires, des journalistes, des \u00e9tudiants et des enseignants, sa vocation est de favoriser l\u2019\u00e9change d\u2019information : si vous le souhaitez, vous pouvez me contacter par <a href=\"https:\/\/www.robertholcman.net\/index.php\/mail-contact\/\">mail<\/a>.<\/p>\n","protected":false},"excerpt":{"rendered":"<p>Au fil de mon travail de recherche, d\u2019enseignement et de publication, j\u2019ai pris la mesure de la difficult\u00e9 d\u2019acc\u00e9der aux informations pertinentes sur le net ; il est fort probable que vous \u00e9prouviez parfois le m\u00eame sentiment. J\u2019ai donc cr\u00e9\u00e9 ce site o\u00f9 vous trouverez des adresses comment\u00e9es de revues, d\u2019institutions, de bases de donn\u00e9es &hellip; <a href=\"https:\/\/www.robertholcman.net\/\" class=\"more-link\">Continuer la lecture<span class=\"screen-reader-text\"> de &laquo;&nbsp;Accueil&nbsp;&raquo;<\/span><\/a><\/p>\n","protected":false},"author":1,"featured_media":0,"parent":0,"menu_order":0,"comment_status":"closed","ping_status":"closed","template":"","meta":{"footnotes":""},"class_list":["post-5","page","type-page","status-publish","hentry"],"_links":{"self":[{"href":"https:\/\/www.robertholcman.net\/index.php\/wp-json\/wp\/v2\/pages\/5","targetHints":{"allow":["GET"]}}],"collection":[{"href":"https:\/\/www.robertholcman.net\/index.php\/wp-json\/wp\/v2\/pages"}],"about":[{"href":"https:\/\/www.robertholcman.net\/index.php\/wp-json\/wp\/v2\/types\/page"}],"author":[{"embeddable":true,"href":"https:\/\/www.robertholcman.net\/index.php\/wp-json\/wp\/v2\/users\/1"}],"replies":[{"embeddable":true,"href":"https:\/\/www.robertholcman.net\/index.php\/wp-json\/wp\/v2\/comments?post=5"}],"version-history":[{"count":8,"href":"https:\/\/www.robertholcman.net\/index.php\/wp-json\/wp\/v2\/pages\/5\/revisions"}],"predecessor-version":[{"id":591,"href":"https:\/\/www.robertholcman.net\/index.php\/wp-json\/wp\/v2\/pages\/5\/revisions\/591"}],"wp:attachment":[{"href":"https:\/\/www.robertholcman.net\/index.php\/wp-json\/wp\/v2\/media?parent=5"}],"curies":[{"name":"wp","href":"https:\/\/api.w.org\/{rel}","templated":true}]}}