{"id":45,"date":"2019-10-26T15:24:32","date_gmt":"2019-10-26T13:24:32","guid":{"rendered":"http:\/\/www.robertholcman.net\/\/?page_id=45"},"modified":"2022-08-04T10:22:22","modified_gmt":"2022-08-04T08:22:22","slug":"bases-de-donnees-documentaires","status":"publish","type":"page","link":"https:\/\/www.robertholcman.net\/index.php\/bases-de-donnees-documentaires\/","title":{"rendered":"Bases de donn\u00e9es documentaires"},"content":{"rendered":"\n<p><em>La liste propos\u00e9e ici rassemble les principaux sites de biblioth\u00e8ques, de centres de documentation ou de bases de donn\u00e9es documentaires<\/em>.<\/p>\n\n\n\n<p class=\"has-text-align-center\" style=\"font-size:5px\">.<\/p>\n\n\n\n<p class=\"has-text-align-center\" style=\"font-size:5px\">.<\/p>\n\n\n\n<p><a href=\"https:\/\/documentation.ehesp.fr\/index.php?lvl=notice_display&amp;id=331210\" target=\"_blank\" rel=\"noreferrer noopener\">BANQUE DE DONN\u00c9ES SANT\u00c9 PUBLIQUE (BDSP)<\/a><br>Le r\u00e9seau BDSP regroupait, entre autres services, les bases documentaires de 46 organismes sp\u00e9cialis\u00e9s dans le social ; sa gestion \u00e9tait assur\u00e9e par l\u2019\u00c9cole des hautes \u00e9tudes en sant\u00e9 publique. Elle n\u2019\u00e9tait plus mise \u00e0 jour depuis f\u00e9vrier 2019, et a \u00e9t\u00e9 d\u00e9finitivement ferm\u00e9e le 4 juillet 2022. On peut toujours avoir acc\u00e8s \u00e0 l&rsquo;archive de la base documentaire de la BDSP, produite de 1993 \u00e0 2019, sur le portail documentaire de l&rsquo;\u00c9cole des hautes \u00e9tudes en sant\u00e9 publique.<\/p>\n\n\n\n<p><a href=\"http:\/\/www.bib.mines-paristech.fr\/Accueil\/\" target=\"_blank\" rel=\"noreferrer noopener\">BIBLIOTH\u00c8QUE DE L\u2019\u00c9COLE DES MINES<\/a><br>Ce serveur contient les r\u00e9f\u00e9rences bibliographiques des ouvrages, p\u00e9riodiques et congr\u00e8s disponibles dans les cinq biblioth\u00e8ques du r\u00e9seau documentaire de l\u2019\u00c9cole des Mines de Paris. Les publications de l\u2019\u00c9cole y sont aussi r\u00e9f\u00e9renc\u00e9es. Un fonds riche, particuli\u00e8rement bien fourni sur l\u2019h\u00f4pital.<\/p>\n\n\n\n<p><a href=\"https:\/\/www.polytechnique.edu\/bibliotheque\/fr\" target=\"_blank\" rel=\"noreferrer noopener\">BIBLIOTH\u00c8QUE DE L\u2019\u00c9COLE POLYTECHNIQUE<\/a><br>Un fonds limit\u00e9, \u00e0 utiliser en compl\u00e9ment pour des r\u00e9f\u00e9rences non trouv\u00e9es ailleurs.<\/p>\n\n\n\n<p><a href=\"https:\/\/bu.dauphine.psl.eu\/\" target=\"_blank\" rel=\"noreferrer noopener\">BIBLIOTH\u00c8QUE DE L\u2019UNIVERSIT\u00c9 PARIS DAUPHINE<\/a><br>Un site \u00e0 ne pas n\u00e9gliger : l&rsquo;interface est tr\u00e8s bien con\u00e7ue, pratique \u00e0 utiliser. Possibilit\u00e9 d&rsquo;exporter en format texte les r\u00e9f\u00e9rences s\u00e9lectionn\u00e9es.<\/p>\n\n\n\n<p><a href=\"http:\/\/catalogue.sciencespo.fr\/in\/faces\/homeInBook.xhtml\" target=\"_blank\" rel=\"noreferrer noopener\">BIBLIOTH\u00c8QUE DE SCIENCES PO PARIS<\/a><br>L&rsquo;un des plus grands fonds documentaires en sciences sociales de l&rsquo;Europe continentale. Beaucoup plus pointu que la BPI de Beaubourg, son avantage est de \u00ab\u00a0bulletiner\u00a0\u00bb \u00e9galement les articles de p\u00e9riodiques. Inconv\u00e9nient : il faut prendre un abonnement payant pour consulter les documents dont la quasi-totalit\u00e9 n&rsquo;est pas en acc\u00e8s direct. <\/p>\n\n\n\n<p><a href=\"https:\/\/bibliotheques.cnam.fr\/opac\/.do\" target=\"_blank\" rel=\"noreferrer noopener\">BIBLIOTH\u00c8QUE DU CONSERVATOIRE NATIONAL DES ARTS ET M\u00c9TIERS (CNAM)<\/a><br>Ce site donne acc\u00e8s au catalogue des centres de documentation du CNAM. Un fonds int\u00e9ressant en compl\u00e9ment d\u2019une recherche d\u00e9j\u00e0 avanc\u00e9e. Inconv\u00e9nient : la multiplicit\u00e9 de la localisation des r\u00e9f\u00e9rences. La somptueuse biblioth\u00e8que parisienne (dans une ancienne chapelle) est r\u00e9serv\u00e9e aux \u00e9tudiants du CNAM en cas d\u2019affluence.&nbsp; <\/p>\n\n\n\n<p><a href=\"https:\/\/catalogue.bnf.fr\/index.do\" target=\"_blank\" rel=\"noreferrer noopener\">BIBLIOTH\u00c8QUE NATIONALE DE FRANCE<\/a><br>Un fonds fourni mais disparate, l&rsquo;interface de recherche est peu pratique. L&rsquo;acc\u00e8s direct aux documents est limit\u00e9 et payant. A utiliser en compl\u00e9ment<\/p>\n\n\n\n<p><a href=\"https:\/\/catalogue.bpi.fr\/fr\/\" target=\"_blank\" rel=\"noreferrer noopener\">BPI CENTRE GEORGES POMPIDOU<\/a><br>Un fonds tr\u00e8s riche, une base documentaire ais\u00e9ment utilisable, la quasi-totalit\u00e9 des sources en acc\u00e8s direct : un outil extraordinaire.<\/p>\n\n\n\n<p><a href=\"https:\/\/www.cairn.info\/\" target=\"_blank\" rel=\"noreferrer noopener\">CAIRN<\/a><br>Cr\u00e9\u00e9e par quatre maisons d&rsquo;\u00e9dition francophones (Belin, De Boeck, La D\u00e9couverte, Er\u00e8s), c&rsquo;est un site convivial mais peu de revues sont dans le champ qui nous int\u00e9resse. Juste en compl\u00e9ment ponctuel.<\/p>\n\n\n\n<p><a href=\"http:\/\/aphp.aphp.fr\/ressourcesdocumentaires\/\" target=\"_blank\" rel=\"noreferrer noopener\">CENTRE DE DOCUMENTATION DE L&rsquo;ASSISTANCE PUBLIQUE-H\u00d4PITAUX DE PARIS<\/a><br>Pour tout ce qui concerne l&rsquo;h\u00f4pital, le soin et la protection sociale, une source \u00e0 ne pas n\u00e9gliger : de nombreuses r\u00e9f\u00e9rences introuvables ailleurs. La quasi-totalit\u00e9 des sources sont en acc\u00e8s direct ou presque imm\u00e9diatement d\u00e9livr\u00e9es.<\/p>\n\n\n\n<p>CENTRE DE RESSOURCES DOCUMENTAIRES MULTIM\u00c9DIAS (CRDM)<br>L\u2019acc\u00e8s \u00e0 la\nbase documentaire RESSAC n\u2019est plus possible. Mais le CRDM du minist\u00e8re de la\nsant\u00e9 est une ressource documentaire pr\u00e9cieuse. Sur place, on a acc\u00e8s \u00e0 plusieurs\nbases documentaires (fonds femmes ; biblioth\u00e8que num\u00e9rique ; et propose\nplusieurs types de documents : textes officiels ; bulletin officiel sant\u00e9,\nprotection sociale, solidarit\u00e9s ; bulletin officiel de la jeunesse, des sports\net de la vie associative ; bulletin officiel travail ; bulletins officiels\nsp\u00e9ciaux sant\u00e9, protection sociale, solidarit\u00e9s ; cahiers de jurisprudence de\nl&rsquo;aide sociale. Il est possible de poser des questions en termes de recherches\ndocumentaires par courriel : <a href=\"mailto:crdm-accueil@sg.social.gouv.fr\">crdm-accueil@sg.social.gouv.fr<\/a><\/p>\n\n\n\n<p>LA DOCUMENTATION FRAN\u00c7AISE<br>Voir\nci-dessous VIE PUBLIQUE.<\/p>\n\n\n\n<p><a rel=\"noreferrer noopener\" href=\"http:\/\/www.ecosante.fr\/index2.php?base=DEPA&amp;langh=FRA&amp;langs=FRA\" target=\"_blank\">\u00c9CO-SANTE FRANCE, R\u00c9GIONS &amp; D\u00c9PARTEMENTS<\/a><br>Base de donn\u00e9es relatives \u00e0 la sant\u00e9 en France : \u00e9tat de sant\u00e9 de la population ; consommations et d\u00e9penses en sant\u00e9 ; h\u00f4pitaux ; techniques m\u00e9dicales ; professions de sant\u00e9\u2026 G\u00e9r\u00e9es par l\u2019IRDES (Institut de recherche et documentation en \u00e9conomie de la sant\u00e9), les donn\u00e9es d&rsquo;Eco-Sant\u00e9 ne sont plus actualis\u00e9es depuis avril 2016\u00a0; elles sont progressivement int\u00e9gr\u00e9es dans SCORE-SANT\u00c9 (voir ci-dessous).<\/p>\n\n\n\n<p><a href=\"https:\/\/documentation.ehesp.fr\/index.php?search_type_asked=simple_search\" target=\"_blank\" rel=\"noreferrer noopener\">\u00c9COLE DES HAUTES \u00c9TUDES EN SANT\u00c9 PUBLIQUE<\/a><br>Catalogue du portail documentaire de l&rsquo;\u00c9cole des hautes \u00e9tudes en sant\u00e9 publique qui donne acc\u00e8s \u00e0 des r\u00e9f\u00e9rences portant sur l&rsquo;organisation de la sant\u00e9 et la sant\u00e9 publique.<\/p>\n\n\n\n<p>FICHIER CENTRAL DES TH\u00c8SES<br>Voir TH\u00c8SES.FR<\/p>\n\n\n\n<p><a href=\"https:\/\/www.insee.fr\/fr\/metadonnees\/indicateurs\" target=\"_blank\" rel=\"noreferrer noopener\">INSEE INDICATEURS<\/a><br>Principaux indicateurs mis au point par l&rsquo;INSEE.<\/p>\n\n\n\n<p><a href=\"https:\/\/www.lemonde.fr\/\" target=\"_blank\" rel=\"noreferrer noopener\">JOURNAL \u00ab\u00a0LE MONDE\u00a0\u00bb<\/a><br>Site du journal. Acc\u00e8s libre et gratuit aux articles r\u00e9cents, l&rsquo;\u00e9dition du jour, les r\u00e9f\u00e9rences des archives. Acc\u00e8s payant aux articles anciens. Une source incomparable.<\/p>\n\n\n\n<p><a rel=\"noreferrer noopener\" href=\"https:\/\/www.legifrance.gouv.fr\/\" target=\"_blank\">L\u00c9GIFRANCE<\/a><br>Site officiel gouvernemental o\u00f9 l\u2019on trouve l\u2019ensemble des normes fran\u00e7aises (constitution, lois, d\u00e9crets, arr\u00eat\u00e9s, codes, conventions collectives, bulletins officiels, journal officiel), europ\u00e9ennes (directives, r\u00e8glements\u2026) et internationales (trait\u00e9s, jurisprudence).En ce qui concerne les normes fran\u00e7aises, on peut opter pour le texte dans sa version initiale, ou dans sa version \u00ab consolid\u00e9e \u00bb, \u00e9ventuellement modifi\u00e9e par des textes post\u00e9rieurs. Un site extr\u00eamement utile et tr\u00e8s bien fait&nbsp;; une ressource sans \u00e9quivalent. Tous les textes sont accessibles gratuitement<\/p>\n\n\n\n<p><a href=\"http:\/\/classiques.uqac.ca\/\" target=\"_blank\" rel=\"noreferrer noopener\">LES CLASSIQUES DES SCIENCES SOCIALES<\/a><br>Ce site est une biblioth\u00e8que num\u00e9rique fond\u00e9e, d\u00e9velopp\u00e9e et dirig\u00e9e b\u00e9n\u00e9volement par Jean-Marie Tremblay, professeur de sociologie au d\u00e9partement des sciences humaines du C\u00e9gep de Chicoutimi en collaboration avec l&rsquo;Universit\u00e9 du Qu\u00e9bec \u00e0 Chicoutimi. La collection compte maintenant 1 115 \u0153uvres originales de sciences sociales de 409 auteurs diff\u00e9rents, t\u00e9l\u00e9chargeables gratuitement parce que tomb\u00e9es dans le domaine public ou reproduites avec l&rsquo;autorisation de l&rsquo;auteur. Un site exceptionnel, une d\u00e9marche \u00e0 soutenir par don.<\/p>\n\n\n\n<p><a rel=\"noreferrer noopener\" href=\"https:\/\/www.scoresante.org\/\" target=\"_blank\">SCORE-SANT\u00c9<\/a><br>Cr\u00e9\u00e9 par la F\u00e9d\u00e9ration nationale des observatoires r\u00e9gionaux de la sant\u00e9 (Fnors), ce site d&rsquo;information en sant\u00e9 met \u00e0 disposition informations relatives \u00e0 la sant\u00e9 de la population et \u00e0 ses d\u00e9terminants, provenant des observatoires r\u00e9gionaux de la sant\u00e9. Score-Sant\u00e9 a pour objectif d\u2019\u00eatre un outil de r\u00e9f\u00e9rence en mati\u00e8re d&rsquo;indicateurs de sant\u00e9.<\/p>\n\n\n\n<p><a href=\"https:\/\/www.oecd.org\/fr\/els\/systemes-sante\/base-donnees-sante.htm\" target=\"_blank\" rel=\"noreferrer noopener\">STATISTIQUES DE L&rsquo;OCDE SUR LA SANT\u00c9<\/a><br>Tous les ans, l\u2019OCDE met \u00e0 jour sa base de donn\u00e9es sur les syst\u00e8mes de sant\u00e9 des pays membres de l\u2019organisation. Outil pr\u00e9cieux pour r\u00e9aliser des analyses comparatives.<\/p>\n\n\n\n<p><a href=\"https:\/\/abes.fr\/reseau-sudoc\/sudoc-outils-et-services\/catalogue-sudoc\/\" target=\"_blank\" rel=\"noreferrer noopener\">SYST\u00c8ME UNIVERSITAIRE DE DOCUMENTATION (SUDOC)<\/a><br>Catalogue collectif fran\u00e7ais r\u00e9alis\u00e9 par les biblioth\u00e8ques et centres de documentation de l&rsquo;enseignement sup\u00e9rieur et de la recherche, qui comprend plus de 13 millions de notices bibliographiques\u00a0: livres, th\u00e8ses, revues, ressources \u00e9lectroniques, documents audiovisuels, microformes, cartes, partitions, manuscrits, et livres anciens&#8230; Permet d&rsquo;effectuer des recherches bibliographiques sur les collections des biblioth\u00e8ques universitaires fran\u00e7aises et autres \u00e9tablissements d&rsquo;enseignement sup\u00e9rieur, pour tous les types de documents et sur les collections de p\u00e9riodiques de 2 900 centres documentaires. Incontournable.<\/p>\n\n\n\n<p><a href=\"http:\/\/www.theses.fr\/\" target=\"_blank\" rel=\"noreferrer noopener\">TH\u00c8SES.FR<\/a><br>Cr\u00e9\u00e9 en 1968 \u00e0 l&rsquo;initiative de l&rsquo;Universit\u00e9 Paris X-Nanterre. Permet de rechercher les r\u00e9f\u00e9rences des th\u00e8ses soutenues en France, par discipline, par auteur, ou par directeur de th\u00e8se. Un outil tr\u00e8s utile.<\/p>\n\n\n\n<p><a href=\"https:\/\/www.vie-publique.fr\/\" target=\"_blank\" rel=\"noreferrer noopener\">VIE PUBLIQUE<\/a><br>Site d&rsquo;information officiel consacr\u00e9 aux politiques publiques et au d\u00e9bat public, qui se donne comme objectif d\u2019accompagner la r\u00e9flexion citoyenne et faciliter la compr\u00e9hension du d\u00e9bat public. On y trouve notamment la totalit\u00e9 des rapports publi\u00e9s par les institutions publiques, le r\u00e9pertoire des d\u00e9bats et consultations citoyennes, et le texte des principaux discours publics, ainsi que la liste de tous les livres et num\u00e9ros de revues disponibles \u00e9dit\u00e9s par la Documentation fran\u00e7aise.<\/p>\n\n\n\n<hr class=\"wp-block-separator has-css-opacity\"\/>\n","protected":false},"excerpt":{"rendered":"<p>La liste propos\u00e9e ici rassemble les principaux sites de biblioth\u00e8ques, de centres de documentation ou de bases de donn\u00e9es documentaires. . . BANQUE DE DONN\u00c9ES SANT\u00c9 PUBLIQUE (BDSP)Le r\u00e9seau BDSP regroupait, entre autres services, les bases documentaires de 46 organismes sp\u00e9cialis\u00e9s dans le social ; sa gestion \u00e9tait assur\u00e9e par l\u2019\u00c9cole des hautes \u00e9tudes en &hellip; <a href=\"https:\/\/www.robertholcman.net\/index.php\/bases-de-donnees-documentaires\/\" class=\"more-link\">Continuer la lecture<span class=\"screen-reader-text\"> de &laquo;&nbsp;Bases de donn\u00e9es documentaires&nbsp;&raquo;<\/span><\/a><\/p>\n","protected":false},"author":1,"featured_media":0,"parent":0,"menu_order":10,"comment_status":"closed","ping_status":"closed","template":"","meta":{"footnotes":""},"class_list":["post-45","page","type-page","status-publish","hentry"],"_links":{"self":[{"href":"https:\/\/www.robertholcman.net\/index.php\/wp-json\/wp\/v2\/pages\/45","targetHints":{"allow":["GET"]}}],"collection":[{"href":"https:\/\/www.robertholcman.net\/index.php\/wp-json\/wp\/v2\/pages"}],"about":[{"href":"https:\/\/www.robertholcman.net\/index.php\/wp-json\/wp\/v2\/types\/page"}],"author":[{"embeddable":true,"href":"https:\/\/www.robertholcman.net\/index.php\/wp-json\/wp\/v2\/users\/1"}],"replies":[{"embeddable":true,"href":"https:\/\/www.robertholcman.net\/index.php\/wp-json\/wp\/v2\/comments?post=45"}],"version-history":[{"count":25,"href":"https:\/\/www.robertholcman.net\/index.php\/wp-json\/wp\/v2\/pages\/45\/revisions"}],"predecessor-version":[{"id":742,"href":"https:\/\/www.robertholcman.net\/index.php\/wp-json\/wp\/v2\/pages\/45\/revisions\/742"}],"wp:attachment":[{"href":"https:\/\/www.robertholcman.net\/index.php\/wp-json\/wp\/v2\/media?parent=45"}],"curies":[{"name":"wp","href":"https:\/\/api.w.org\/{rel}","templated":true}]}}