{"id":35,"date":"2019-10-26T15:14:52","date_gmt":"2019-10-26T13:14:52","guid":{"rendered":"http:\/\/www.robertholcman.net\/\/?page_id=35"},"modified":"2019-11-13T14:50:56","modified_gmt":"2019-11-13T13:50:56","slug":"rapports","status":"publish","type":"page","link":"https:\/\/www.robertholcman.net\/index.php\/rapports\/","title":{"rendered":"\u24bd Rapports"},"content":{"rendered":"\n<p style=\"text-align:left\"><em>On trouvera ci-dessous le texte int\u00e9gral des deux rapports cons\u00e9cutifs aux missions que j&rsquo;ai effectu\u00e9es pour la Fondation nationale entreprise et performance, qui se donne pour mission d&rsquo;agir au service du d\u00e9cloisonnement entre les entreprises et les administrations, et de favoriser l\u2019ouverture sur l\u2019Europe et sur le monde, pour y d\u00e9couvrir les bonnes r\u00e9formes et les meilleures pratiques. La premi\u00e8re mission, aux Pays-Bas, date de 1997 ; la seconde, en Turquie, s&rsquo;est d\u00e9roul\u00e9e en 2003.<\/em><\/p>\n\n\n\n<p style=\"font-size:5px;text-align:center\">.<\/p>\n\n\n\n<p style=\"font-size:5px;text-align:center\">.<\/p>\n\n\n\n<p><strong>TURQUIE<br><\/strong><a href=\"https:\/\/www.robertholcman.net\/wp-content\/uploads\/2019\/11\/holcman-rapport-fondation-nationale-entreprise-performance-accueil-populations-precaires-hopitaux-turcs-2003.pdf\">L&rsquo;accueil des populations pr\u00e9caires dans les h\u00f4pitaux turcs. Atomisation de la protection sociale et fractionnement de l&rsquo;offre hospitali\u00e8re<\/a><br><br>La protection sociale comme le syst\u00e8me hospitalier turcs agr\u00e8gent des syst\u00e8mes et des strates diverses suivant l&rsquo;origine professionnelle de leurs b\u00e9n\u00e9ficiaires, et ne sont pas \u00e9quivalents &#8211; tant en ce qui concerne le champ des prestations couvertes que les modalit\u00e9s de prise en charge et\/ou de remboursement. Il existe un cloisonnement entre syst\u00e8mes de protection et types d&rsquo;h\u00f4pitaux. L&rsquo;atomisation de l&rsquo;acc\u00e8s aux soins qui en d\u00e9coule est \u00e0 l&rsquo;origine des carences dans la couverture sociale de la population, elle explique l&rsquo;\u00e9mergence de syst\u00e8mes palliatifs de couverture \u00e0 l&rsquo;instigation d&rsquo;acteurs divers : \u00c9tat, fondations, associations, municipalit\u00e9s, entreprises priv\u00e9es<strong>\u2026<\/strong><\/p>\n\n\n\n<p><br><strong><br>PAYS-BAS<\/strong><br><a href=\"https:\/\/www.robertholcman.net\/wp-content\/uploads\/2019\/11\/holcman-rapport-fondation-nationale-entreprise-performance-regime-incapacite-travail-pays-bas-wao-1997.pdf\">Le r\u00e9gime d&rsquo;incapacit\u00e9 au travail aux Pays-Bas (WAO). Quels enseignements en tirer ?<\/a><br><br>Comme souvent, les mod\u00e8les ne sont pas \u00e0 la hauteur des esp\u00e9rances qu&rsquo;ils suscitent. Il en va ainsi du mod\u00e8le d&rsquo;organisation du travail aux Pays-Bas, pr\u00e9sent\u00e9 un temps comme le mod\u00e8le \u00e0 copier pour r\u00e9duire le niveau du ch\u00f4mage. Mais, \u00e0 y regarder de plus pr\u00e8s, on s&rsquo;aper\u00e7oit qu&rsquo;une part pr\u00e9pond\u00e9rante de la diff\u00e9rence entre le taux de ch\u00f4mage des Pays-Bas et celui de ses principaux partenaires se trouve dans l&rsquo;existence d&rsquo;un r\u00e9gime d&rsquo;incapacit\u00e9 au travail (WAO) qui soustrait du march\u00e9 du travail une part importante de travailleurs ne correspondant pas aux crit\u00e8res commun\u00e9ment retenus de l&rsquo;invalidit\u00e9.<br><\/p>\n","protected":false},"excerpt":{"rendered":"<p>On trouvera ci-dessous le texte int\u00e9gral des deux rapports cons\u00e9cutifs aux missions que j&rsquo;ai effectu\u00e9es pour la Fondation nationale entreprise et performance, qui se donne pour mission d&rsquo;agir au service du d\u00e9cloisonnement entre les entreprises et les administrations, et de favoriser l\u2019ouverture sur l\u2019Europe et sur le monde, pour y d\u00e9couvrir les bonnes r\u00e9formes et &hellip; <a href=\"https:\/\/www.robertholcman.net\/index.php\/rapports\/\" class=\"more-link\">Continuer la lecture<span class=\"screen-reader-text\"> de &laquo;&nbsp;\u24bd Rapports&nbsp;&raquo;<\/span><\/a><\/p>\n","protected":false},"author":1,"featured_media":0,"parent":0,"menu_order":7,"comment_status":"closed","ping_status":"closed","template":"","meta":{"footnotes":""},"class_list":["post-35","page","type-page","status-publish","hentry"],"_links":{"self":[{"href":"https:\/\/www.robertholcman.net\/index.php\/wp-json\/wp\/v2\/pages\/35","targetHints":{"allow":["GET"]}}],"collection":[{"href":"https:\/\/www.robertholcman.net\/index.php\/wp-json\/wp\/v2\/pages"}],"about":[{"href":"https:\/\/www.robertholcman.net\/index.php\/wp-json\/wp\/v2\/types\/page"}],"author":[{"embeddable":true,"href":"https:\/\/www.robertholcman.net\/index.php\/wp-json\/wp\/v2\/users\/1"}],"replies":[{"embeddable":true,"href":"https:\/\/www.robertholcman.net\/index.php\/wp-json\/wp\/v2\/comments?post=35"}],"version-history":[{"count":11,"href":"https:\/\/www.robertholcman.net\/index.php\/wp-json\/wp\/v2\/pages\/35\/revisions"}],"predecessor-version":[{"id":361,"href":"https:\/\/www.robertholcman.net\/index.php\/wp-json\/wp\/v2\/pages\/35\/revisions\/361"}],"wp:attachment":[{"href":"https:\/\/www.robertholcman.net\/index.php\/wp-json\/wp\/v2\/media?parent=35"}],"curies":[{"name":"wp","href":"https:\/\/api.w.org\/{rel}","templated":true}]}}