{"id":18,"date":"2019-10-24T19:56:41","date_gmt":"2019-10-24T17:56:41","guid":{"rendered":"http:\/\/www.robertholcman.net\/\/?page_id=18"},"modified":"2023-02-02T10:56:00","modified_gmt":"2023-02-02T09:56:00","slug":"publications","status":"publish","type":"page","link":"https:\/\/www.robertholcman.net\/index.php\/publications\/","title":{"rendered":"\u24bd Publications"},"content":{"rendered":"\n<p><em>Voici la liste de mes publications. On y trouve \u00e0 la fois des ouvrages, des articles- publi\u00e9s dans des revues \u00e0 comit\u00e9 de lecture et sans comit\u00e9 de lecture &#8211; des parties d&rsquo;ouvrage, des interventions dans des colloques, ainsi que d\u2019autres formes d\u2019expression comme les synth\u00e8ses documentaires et les articles de presse. Le pictogramme <\/em>\ud83d\udcd6<em>  indique que le texte est int\u00e9gralement accessible en cliquant dessus.<\/em><\/p>\n\n\n\n<p class=\"has-text-align-center\" style=\"font-size:5px\">.<\/p>\n\n\n\n<p class=\"has-text-align-center\" style=\"font-size:5px\">.<\/p>\n\n\n\n<p class=\"has-text-align-center\" style=\"font-size:1px\">.<\/p>\n\n\n\n<p> <strong>OUVRAGES<\/strong> <br> \u25ba <em>Management hospitalier. Manuel de gouvernance et de droit hospitalier<\/em>, 4<sup>\u00e8me<\/sup> \u00e9dition, Paris, Dunod, 2019 .<br><br> \u25ba <em>La souffrance des soignants<\/em> (Dir.), Paris, Dunod, 2018 .<br><br> \u25ba <em>In\u00e9gaux devant la mort. Droit \u00e0 mourir&nbsp;: l&rsquo;ultime injustice sociale<\/em>, Dunod, 2015.<br><br> \u25ba <em>Economie sociale et solidaire<\/em> (Dir.), Paris, Dunod, 2015.<br><br> \u25ba <em>Management public<\/em> (Dir.), Paris, Dunod, 2014.<br><br> \u25ba <em>Droit hospitalier. Manuel de gouvernance hospitali\u00e8re<\/em>, Paris, Berger-Levrault, 2010 .<br><br> \u0084\u25ba <em>Euthanasie, l\u2019ultime injustice<\/em>, Paris, L\u2019Harmattan, 2010. <br><br> \u25ba <em>La fin de l&rsquo;h\u00f4pital public ?<\/em>, Editions Lamarre, Rueil-Malmaison, 2007.<br><br> \u25ba <em>Ch\u00f4mage et ch\u00f4meurs<\/em>, Editions de l&rsquo;\u00e9cole nationale de la sant\u00e9 publique, Rennes, 2003.<br><br>&nbsp;\u25ba <em>Les 35 heures en 35 questions<\/em> (Dir.), Editions Gammaprim, Paris, 1998.<br><br> \u25ba <em>Le Ch\u00f4mage. M\u00e9canismes \u00e9conomiques, cons\u00e9quences sociales et humaines<\/em>. La Documentation fran\u00e7aise, Paris, 1997.<\/p>\n\n\n\n<p class=\"has-text-align-center\" style=\"font-size:5px\"> . <br><\/p>\n\n\n\n<p><strong>RAPPORTS DE MISSION <\/strong><br>\u25ba <em>L\u2019accueil des populations pr\u00e9caires dans les h\u00f4pitaux turcs. Atomisation de la protection sociale et fractionnement de l\u2019offre hospitali\u00e8re<\/em>, Mission sp\u00e9ciale fonction publique, Paris, Fondation entreprise et performance, 2003.<br><br>\u25ba <em>Le r\u00e9gime d\u2019incapacit\u00e9 au travail aux Pays-Bas (WAO). Quels enseignements en tirer&nbsp;?<\/em>, Mission sp\u00e9ciale fonction publique, Paris, Fondation entreprise et performance, 1997. <\/p>\n\n\n\n<p class=\"has-text-align-center\" style=\"font-size:5px\">.<\/p>\n\n\n\n<p><strong>ARTICLES (revues avec comit\u00e9 de lecture)<\/strong><br><a href=\"https:\/\/www.robertholcman.net\/wp-content\/uploads\/2019\/12\/article-holcman-2016-revue-francaise-administration-publique-numero-160-reddition-comptes-hopital-public-colloque-ena.pdf\"> \ud83d\udcd6<\/a> \u00ab&nbsp;H\u00f4pital public et reddition de comptes&nbsp;\u00bb, <em>Revue fran\u00e7aise d\u2019Administration publique<\/em>, 2016, n\u00b0&nbsp;160, p. 1109-1122.<br><br> \u25ba \u00ab&nbsp;Comment stimuler la productivit\u00e9 des services publics ? Les enseignements tir\u00e9s de la mise en \u0153uvre de la tarification \u00e0 l\u2019activit\u00e9 \u00e0 l\u2019h\u00f4pital&nbsp;\u00bb, <em>Revue fran\u00e7aise d\u2019Administration publique<\/em>, 2013\/4, n\u00b0 148, p. 1043-1060.<br><br> <a href=\"https:\/\/www.robertholcman.net\/wp-content\/uploads\/2019\/12\/article-holcman-2011-journal-economie-medicale-numero-3-enjeux-economiques-financiers-fin-existence.pdf\">\ud83d\udcd6<\/a> \u00ab&nbsp;Les enjeux \u00e9conomiques et financiers de la fin de l\u2019existence&nbsp;\u00bb, <em>Journal d\u2019Economie m\u00e9dicale<\/em>, Vol.&nbsp;29, n\u00b0&nbsp;3, mai  2011, p. 79-91.<br><br> <a href=\"https:\/\/www.robertholcman.net\/wp-content\/uploads\/2019\/12\/article-holcman-2009-revue-francaise-gestion-numero-196-responsabilite-irresponsabilite-pouvoir-reflexions-relation-hierarchique.pdf\">\ud83d\udcd6<\/a> \u00ab Responsabilit\u00e9, irresponsabilit\u00e9, pouvoir. R\u00e9flexions sur la relation hi\u00e9rarchique \u00bb, <em>Revue fran\u00e7aise de gestion<\/em>,  Vol. 35, n\u00b0 196, ao\u00fbt-septembre, p. 67-80. <br><br> <a href=\"https:\/\/www.robertholcman.net\/wp-content\/uploads\/2019\/12\/article-holcman-2008-international-social-security-review-numero-3-papy-boom-historical-opportunity-french-public-hospitals.pdf\">\ud83d\udcd6<\/a> \u00ab The \u00ab\u00a0Papy-boom\u00a0\u00bb : A historical Opportunity for French Public Hospitals \u00bb, <em>International Social Security Review<\/em>, Vol. 61, n\u00b0 3, 2008, p. 103-125.<br><br><a href=\"https:\/\/www.robertholcman.net\/wp-content\/uploads\/2019\/11\/article-holcman2008-dysorganisation-fonctionnement-sous-optimal-organisations-revue-francaise-gestion-184.pdf\">\ud83d\udcd6<\/a>  \u00ab La dysorganisation, un fonctionnement sous-optimal recherch\u00e9 par ses acteurs \u00bb,  <em>Revue fran\u00e7aise de gestion<\/em>, Vol. 34, n\u00b0 184, mai 2008, p. 35-50.<br><br><a href=\"https:\/\/www.robertholcman.net\/wp-content\/uploads\/2019\/12\/article-holcman-2007-journal-economie-medicale-numero-5-hopital-public-manque-reellement-personnel.pdf\"> \ud83d\udcd6<\/a> \u00ab L&rsquo;h\u00f4pital public manque-t-il r\u00e9ellement de personnel&nbsp;?&nbsp;\u00bb, <em>Journal d\u2019\u00c9conomie m\u00e9dicale<\/em>, Vol. 25, n\u00b0 5-6, septembre-octobre 2007, p. 307-317.<\/p>\n\n\n\n<p><a href=\"https:\/\/www.robertholcman.net\/wp-content\/uploads\/2019\/12\/article-holcman-2007-revue-francaise-administration-publique-numero-123-secteur-public-prive-similarites-differences-gestion-ressources-humaines.pdf\">\ud83d\udcd6<\/a> \u00ab Secteur public, secteur priv\u00e9 : de nombreuses similarit\u00e9s dans la gestion des ressources humaines \u00bb, <em>Revue fran\u00e7aise d&rsquo;administration publique<\/em>, n\u00b0 123, 2007, p.&nbsp;409-422.<br><br><a href=\"https:\/\/www.robertholcman.net\/wp-content\/uploads\/2019\/12\/article-holcman-2007-presse-medicale-numero-3-dispersion-controle-depenses-facteur-cout-hopitaux.pdf\">\ud83d\udcd6<\/a> \u00ab La dispersion du contr\u00f4le des d\u00e9penses comme facteur de co\u00fbt dans les h\u00f4pitaux \u00bb, <em>La Presse m\u00e9dicale<\/em>, tome 36, n\u00b0 3, mars 2007, p. 381-382.<br><br><a href=\"https:\/\/www.robertholcman.net\/wp-content\/uploads\/2019\/12\/article-holcman-2006-journal-economie-medicale-avenir-hopital-public-compromis.pdf\">\ud83d\udcd6<\/a> \u00ab L\u2019avenir de l\u2019h\u00f4pital public fran\u00e7ais compromis ? \u00bb, <em>Journal d\u2019\u00c9conomie m\u00e9dicale<\/em>, Vol. 24, n\u00b0 7-8, novembre-d\u00e9cembre 2006, p. 415-425. <br><br><a href=\"https:\/\/www.robertholcman.net\/wp-content\/uploads\/2019\/12\/article-holcman-2004-international-social-security-review-numero-2-social-protection-turkey-fragmented-disconnected-supply-hospital-care.pdf\">\ud83d\udcd6<\/a> \u00ab Social Protection in Turkey : Fragmented and Disconnected from the Supply of Hospital Care&nbsp;\u00bb,  <em>International Social Security Review<\/em>, Vol. 57, n\u00b0 2, avril-juin 2004, p. 63-86.<br><br> <a href=\"https:\/\/www.robertholcman.net\/wp-content\/uploads\/2020\/02\/article-holcman-revue-francaise-affaires-sociales-3-juillet-septembre-1998-regime-incapacite-travail-pays-bas-quels-enseignements-tirer.pdf\">\ud83d\udcd6<\/a> \u00ab Le r\u00e9gime d&rsquo;incapacit\u00e9 au travail (WAO) aux Pays-Bas&nbsp;\u00bb, <em>Revue fran\u00e7aise des affaires sociales<\/em>, n\u00b0 3, 07\/09, 1998, p. 173-184.<\/p>\n\n\n\n<p class=\"has-text-align-center\" style=\"font-size:5px\">.<\/p>\n\n\n\n<p class=\"has-normal-font-size\"><strong>PARTIES D\u2019OUVRAGE <\/strong><br>\u25ba [L\u00e9galiser l&rsquo;euthanasie&nbsp;: une ultime injustice sociale], <em>in<\/em> Hirsch E., <em>Fins de vie, \u00e9thique et soci\u00e9t\u00e9<\/em>, Paris, \u00c9res, Paris, 2016, p. 663-673.<br><br>\u25ba [La souffrance des soignants \u00e0 l&rsquo;h\u00f4pital provoqu\u00e9e par l&rsquo;organisation ou par le soin lui-m\u00eame ?], <em>in Politiques de sant\u00e9. Id\u00e9es, innovations, et illusions<\/em>, M\u00e9langes en l&rsquo;honneur de Jean de Kervasdou\u00e9, Paris, Economica, 2015.<br><br>\u25ba [Commerce \u00e9quitable Nord-Nord et circuits courts], <em>in<\/em> Holcman R. (Dir.), <em>Economie sociale et solidaire<\/em>, Paris, Dunod, 2015, p. 201-216.<br><br>\u25ba [Le management hospitalier], <em>in<\/em> Holcman R. (Dir.), <em>Management public<\/em>, Dunod, Paris, 2014, p. 253-283.<br><br> <a href=\"https:\/\/www.robertholcman.net\/wp-content\/uploads\/2019\/11\/partie-ouvrage-holcman-2013-preservation-interet-general-seul-argument-intangible-contre-legalisation-de-euthanasie-medecine-face-mort.pdf\">\ud83d\udcd6<\/a> [La pr\u00e9servation de l&rsquo;int\u00e9r\u00eat g\u00e9n\u00e9ral, seul argument intangible contre la l\u00e9galisation de l&rsquo;euthanasie], <em>in<\/em> Bacqu\u00e9 M. F. (Dir.), <em>La m\u00e9decine face \u00e0 la mort. Alliance ou combat ?<\/em>,  Le Bouscat, L&rsquo;Esprit du temps, 2013, p.&nbsp;207-227. <br><br>  <a href=\"https:\/\/www.robertholcman.net\/wp-content\/uploads\/2020\/02\/article-holcman-encyclopedie-protection-sociale-economica-liaisons-editions-2000-indicateurs-chomage-ou-marche-travail.pdf\">\ud83d\udcd6<\/a> [Indicateurs du ch\u00f4mage ou indicateurs du march\u00e9 du travail ?], <em>in<\/em> Charpentier F., <em>Encyclop\u00e9die Protection sociale. Quelle refondation ?<\/em>,  Paris, Economica\/Liaisons Editions, 2000.<\/p>\n\n\n\n<p class=\"has-text-align-center\" style=\"font-size:5px\">.<\/p>\n\n\n\n<p><strong>CONTRIBUTIONS A UN COLLOQUE<\/strong> <br>\u25ba \u00ab&nbsp;Soins palliatifs&nbsp;: quels enjeux \u00e9conomiques et soci\u00e9taux pour les ann\u00e9es \u00e0 venir ?&nbsp;\u00bb, 12<sup>\u00e8me<\/sup> journ\u00e9e r\u00e9gionale de soins palliatifs, \u00ab&nbsp;Soins palliatifs&nbsp;: r\u00e9alit\u00e9s diff\u00e9rentes\u2026 Quelles perspectives&nbsp;?&nbsp;\u00bb, 19 septembre 2019, Blois.<br><br>\u25ba \u00ab&nbsp;L&rsquo;appartenance professionnelle d\u00e9termin\u00e9e par la fonction&nbsp;: une remise en cause du concept de bureaucratie professionnelle&nbsp;\u00bb, 9\u00e8me colloque soignant, \u00ab L&rsquo;\u00e9quipe au travail \u00bb, 23-24 novembre 2017, EPSAN, Strasbourg.<br><br>\u25ba \u00ab&nbsp;Rendre des comptes \u00e0 l\u2019h\u00f4pital public&nbsp;: d\u00e9calage recettes\/d\u00e9penses, conflit d\u2019objectifs et multiplicit\u00e9 des mandants&nbsp;\u00bb, colloque \u00ab&nbsp;Rendre des comptes &#8211; Rendre compte&nbsp;\u00bb, organis\u00e9 par l&rsquo;ENA et la Revue fran\u00e7aise d&rsquo;administration publique, 31 mars-1<sup>er<\/sup> avril 2016, Strasbourg.<br><br>\u25ba \u00ab La mise en \u0153uvre de la tarification \u00e0 l&rsquo;activit\u00e9 en France, r\u00e9v\u00e9latrice des sp\u00e9cificit\u00e9s de l&rsquo;h\u00f4pital public \u00bb, GISEH 2014, 7<sup>\u00e8me<\/sup> conf\u00e9rence de Gestion et ing\u00e9nierie des syst\u00e8mes hospitaliers, organis\u00e9e par le CHU de Li\u00e8ge (Belgique), 7-9 juillet 2014.<br><br>\u25ba \u00ab La pr\u00e9servation de l\u2019int\u00e9r\u00eat g\u00e9n\u00e9ral, seul argument intangible contre la l\u00e9galisation de l\u2019euthanasie \u00bb, colloque \u00ab&nbsp;Mort et m\u00e9decine&nbsp;\u00bb, organis\u00e9 par l\u2019unit\u00e9 de recherche : subjectivit\u00e9, connaissances et lien sociale \u2013 EA&nbsp;3071, 19-20 novembre 2011, Strasbourg.<br><br>\u25ba \u00ab&nbsp;La souffrance des soignants au travail cons\u00e9quence de la qu\u00eate de performance de l\u2019h\u00f4pital&nbsp;?&nbsp;\u00bb, 4<sup>\u00e8me<\/sup> colloque Euromed\/IRTS PACA-Corse, 17-18 mai 2011, Marseille.<br><br>\u25ba \u00ab&nbsp;A quel niveau la r\u00e9gulation des professions de sant\u00e9 doit-elle s&rsquo;exercer ? Centralisation versus d\u00e9centralisation suivant le contexte&nbsp;: l&rsquo;exemple de l&rsquo;h\u00f4pital public en France&nbsp;\u00bb, GISEH&rsquo;2010, 5<sup>\u00e8me<\/sup> Conf\u00e9rence organis\u00e9e par le Centre hospitalier universitaire de Clermont-Ferrand, 2-4 septembre 2010, Clermont-Ferrand.<br><br>\u25ba \u00ab Le risque de r\u00e9formes hospitali\u00e8res inappropri\u00e9es : l&rsquo;exemple de l&rsquo;h\u00f4pital public fran\u00e7ais \u00bb, GISEH&rsquo;08, 4\u00e8me Conf\u00e9rence organis\u00e9e par l&rsquo;\u00e9cole polytechnique f\u00e9d\u00e9rale de Lausanne, 4-6 septembre 2008, Lausanne.<br><br>\u25ba \u00ab Quelle sp\u00e9cificit\u00e9 de la gestion des ressources humaines dans le secteur public ? \u00bb, Colloque organis\u00e9e par la revue <em>Politique et Management public<\/em>, \u00ab Public : nouvelles figures ? Nouvelles fronti\u00e8res ? \u00bb, 15 et 16 mars 2007, Florence.<\/p>\n\n\n\n<p class=\"has-text-align-center\" style=\"font-size:5px\">.<\/p>\n\n\n\n<p><strong>ARTICLES (revues sans comit\u00e9 de lecture)<\/strong><br><a href=\"https:\/\/www.robertholcman.net\/wp-content\/uploads\/2019\/12\/article-holcman-2016-revue-francaise-administration-publique-numero-160-reddition-comptes-hopital-public-colloque-ena.pdf\"> <\/a><a href=\"https:\/\/www.robertholcman.net\/wp-content\/uploads\/2023\/02\/article-holcman-le-debat-209-mars-2020.pdf\" target=\"_blank\" rel=\"noreferrer noopener\">\ud83d\udcd6<\/a>  \u00ab Le paradoxe hospitalier fran\u00e7ais. Trop d&rsquo;h\u00f4pitaux tuent l&rsquo;h\u00f4pital \u00bb, <em>Le D\u00e9bat<\/em>, n\u00b0 209, mars-avril 2020, p. 37-44.<br><br> <a href=\"https:\/\/www.robertholcman.net\/wp-content\/uploads\/2019\/12\/article-holcman-2016-jalmalv-ambiguite-sedation-terminale.pdf\">\ud83d\udcd6<\/a> \u00ab\u00a0Les ambigu\u00eft\u00e9s de la s\u00e9dation terminale\u00a0\u00bb, <em>Revue JALMALV<\/em> (Jusqu\u2019\u00e0 la mort accompagner la vie), n\u00b0 124, mars 2016.<br><br> <a href=\"https:\/\/www.robertholcman.net\/wp-content\/uploads\/2019\/12\/article-holcman-2014-pouvoirs-locaux-consequences-manageriales-tarification-activite-t2a-hopital-public.pdf\">\ud83d\udcd6<\/a> \u00ab\u00a0Les cons\u00e9quences manag\u00e9riales du nouveau mode de financement de l\u2019h\u00f4pital public \u2013 1<sup>\u00e8re<\/sup> partie\u00a0\u00bb, <em>Pouvoirs locaux<\/em>, IV\/2013-14 (d\u00e9cembre-janvier), p. 121-126.<br><br>\u25ba \u00ab\u00a0La loi du 21 juillet 2009 et les pouvoirs des ARS\u00a0: donn\u00e9es fondamentales\u00a0\u00bb, <em>Les cahiers hospitaliers<\/em>, n\u00b0\u00a0286, f\u00e9vrier 2012.<br><br> <a href=\"https:\/\/www.robertholcman.net\/wp-content\/uploads\/2019\/12\/article-holcman-2011-techniques-hospitalieres-numero-730-patients-mort-hopital.pdf\">\ud83d\udcd6<\/a> \u00ab\u00a0Les patients et la mort \u00e0 l&rsquo;h\u00f4pital\u00a0\u00bb, <em>Techniques hospitali\u00e8res<\/em>, n\u00b0 730, novembre-d\u00e9cembre 2011, p. 69-74.<br><br> <a href=\"https:\/\/www.robertholcman.net\/wp-content\/uploads\/2019\/12\/article-holcman-2011-pouvoirs-locaux-numero-89-management-public-ressources-humaines-1.pdf\">\ud83d\udcd6<\/a> \u00ab\u00a0Management public et ressources humaines\u00a0\u00bb, <em>Pouvoirs locaux<\/em>, n\u00b0 89, II\/2011, juin.<br><br><a href=\"https:\/\/www.robertholcman.net\/wp-content\/uploads\/2019\/12\/article-holcman-2011-gestions-hospitalieres-numero-503-hopital-public-quel-niveau-regulation-professions-sante.pdf\">\ud83d\udcd6<\/a> \u00ab\u00a0H\u00f4pital public. La r\u00e9gulation des professions de sant\u00e9\u00a0\u00bb, <em>Gestions hospitali\u00e8res<\/em>, n\u00b0 503, f\u00e9vrier 2011, p.\u00a079-83.<br><br><a href=\"https:\/\/www.robertholcman.net\/wp-content\/uploads\/2019\/12\/article-holcman-2007-le-debat-numero-146-gallimard-hopital-public-peril.pdf\">\ud83d\udcd6<\/a> \u00ab L&rsquo;h\u00f4pital public en p\u00e9ril \u00bb, <em>Le D\u00e9bat<\/em>, n\u00b0 146, septembre-octobre 2007, p. 148-156.<br><br><a href=\"https:\/\/www.robertholcman.net\/wp-content\/uploads\/2019\/12\/article-holcman-2006-gestions-hospitali\u00e8res-avril-avenement-gestion-pole-dernier-avatar-lutte-pouvoir-hopital.pdf\">\ud83d\udcd6<\/a> \u00ab L\u2019av\u00e8nement de la gestion par p\u00f4le, dernier avatar de la lutte de pouvoir \u00e0 l\u2019h\u00f4pital ? \u00bb, <em>Gestions hospitali\u00e8res<\/em>, n\u00b0\u00a0456, mai 2006, p.\u00a0329-337.<br><br><a href=\"https:\/\/www.robertholcman.net\/wp-content\/uploads\/2020\/02\/article-holcman-revue-marche-commun-union-europeenne-juin-2004-dimension-europeenne-politiques-emploi.pdf\"> \ud83d\udcd6<\/a> \u00ab La dimension europ\u00e9enne des politiques de l\u2019emploi\u00a0\u00bb, <em>Revue du march\u00e9 commun et de l&rsquo;Union europ\u00e9enne<\/em>, n\u00b0 474, janvier 2004, p. 385-393.<br><br><a href=\"https:\/\/www.robertholcman.net\/wp-content\/uploads\/2019\/12\/article-holcman-2002-gestions-hospitalieres-d\u00e9cembre-quelle-specificite-organisation-travail-services-soins-taches-standardisees-specifiques-types-agents.pdf\">\ud83d\udcd6<\/a> \u00ab Quelle sp\u00e9cificit\u00e9 de l&rsquo;organisation du travail dans les services de soins\u00a0? T\u00e2ches standardis\u00e9es et t\u00e2ches sp\u00e9cifiques par type d\u2019agent \u00bb,  <em>Gestions hospitali\u00e8res<\/em>, n\u00b0 421, d\u00e9cembre 2002, p. 785-794.<\/p>\n\n\n\n<p> <a href=\"https:\/\/www.robertholcman.net\/wp-content\/uploads\/2019\/12\/article-holcman-2001-gestions-hospitalieres-numero-409-couverture-maladie-universelle-hopital-progr\u00e8s-patients.pdf\">\ud83d\udcd6<\/a> \u00ab La couverture maladie universelle \u00e0 l\u2019h\u00f4pital, un progr\u00e8s pour les patients ?\u00bb,  <em>Gestions hospitali\u00e8res<\/em>, n\u00b0&nbsp;409, octobre 2001, p. 669-679.<br><br><a href=\"https:\/\/www.robertholcman.net\/wp-content\/uploads\/2019\/12\/article-holcman-1998-les-cahiers-francais-numero-286-remise-en-cause-indicateur-chomage.pdf\">\ud83d\udcd6<\/a> \u00ab L&rsquo;indicateur du ch\u00f4mage \u00bb, <em>Les Cahiers fran\u00e7ais<\/em>, n\u00b0&nbsp;286, mai-juin 1998, p. 49-55.<br><br><a href=\"https:\/\/www.robertholcman.net\/wp-content\/uploads\/2019\/12\/article-holcman-1997-les-cahiers-francais-numero-279-chomage.pdf\">\ud83d\udcd6<\/a> \u00ab&nbsp;Le Ch\u00f4mage \u00bb,  <em>Les Cahiers fran\u00e7ais<\/em>, n\u00b0 279, f\u00e9vrier 1997, p. 3-8.<br><br> <a href=\"https:\/\/www.robertholcman.net\/wp-content\/uploads\/2020\/02\/article-holcman-economie-humanisme-333-juin-1995-retraite-repartition-ferment-europe.pdf\">\ud83d\udcd6<\/a> \u00ab La retraite par r\u00e9partition ferment d&rsquo;Europe \u00bb, <em>\u00c9conomie et humanisme<\/em>, n\u00b0 333, juin-juillet 1995, p. 65-69.<br><br> <a href=\"https:\/\/www.robertholcman.net\/wp-content\/uploads\/2020\/02\/article-holcman-revue-etudes-juin-1995-retraite-capitalisation-panacee.pdf\">\ud83d\udcd6<\/a> \u00ab La retraite par capitalisation : une panac\u00e9e ? \u00bb, <em>\u00c9tudes<\/em>, juin 1995, p.&nbsp;767-776.<br><br> <a href=\"https:\/\/www.robertholcman.net\/wp-content\/uploads\/2020\/02\/article-holcman-economie-humanisme-328-juin-1994-comment-partager-travail-retraite-au-secours-emploi.pdf\">\ud83d\udcd6<\/a> \u00ab Comment partager le travail ? La retraite au secours de l&#8217;emploi \u00bb,  <em>\u00c9conomie et humanisme<\/em>, n\u00b0 328, juin 1994, p. 86-92.<\/p>\n\n\n\n<p class=\"has-text-align-center\" style=\"font-size:5px\">.<\/p>\n\n\n\n<p><strong>SYNTH\u00c8SES DOCUMENTAIRES<\/strong><br>\u25ba \u00ab La protection sociale. Principes, mod\u00e8les, nouveaux d\u00e9fis \u00bb, <em>Probl\u00e8mes politiques et sociaux<\/em>, n\u00b0 793, 14&nbsp;novembre 1997.<br><br>\u25ba \u00ab Les ch\u00f4meurs dans la soci\u00e9t\u00e9 \u00bb,  <em>Probl\u00e8mes politiques et sociaux<\/em>,&nbsp;n\u00b0 748, 5 mai 1995.<\/p>\n\n\n\n<p class=\"has-text-align-center\" style=\"font-size:5px\">.<\/p>\n\n\n\n<p><strong>ARTICLES DE PRESSE<\/strong><br> <a href=\"https:\/\/www.robertholcman.net\/wp-content\/uploads\/2019\/11\/article-holcman-journal-le-monde-29-janvier-2011-legalisation-euthanasie-ultime-injustice-sociale.jpg\">\ud83d\udcd6<\/a> \u00ab&nbsp;Euthanasie. Riches et pauvres ne sont pas \u00e9gaux devant la mort. Contre le privil\u00e8ge d&rsquo;une \u00e9lite&nbsp;\u00bb, <em>Le&nbsp;Monde<\/em>, 29 janvier 2011.<br><br> <a href=\"https:\/\/www.robertholcman.net\/wp-content\/uploads\/2019\/11\/article-holcman-journal-le-monde-10-janvier-1998-partage-ou-flexibilite-travail.jpg\">\ud83d\udcd6<\/a> \u00ab Partage ou flexibilit\u00e9 du travail ? \u00bb,  <em>Le&nbsp;Monde<\/em>,  10 janvier 1998.<br><br> <a href=\"https:\/\/www.robertholcman.net\/wp-content\/uploads\/2019\/11\/article-holcman-journal-le-monde-25-mai-1997-quel-indicateur-chomage.jpg\">\ud83d\udcd6<\/a> \u00ab Quel indicateur pour le ch\u00f4mage ? \u00bb,<em> <\/em> <em>Le&nbsp;Monde<\/em>, 28 mai 1997.<a href=\"https:\/\/www.robertholcman.net\/wp-content\/uploads\/2019\/12\/article-holcman-express-decembre-1997-retraite-au-secours-35-heures.pdf\"><br><br> \ud83d\udcd6<\/a>  \u00ab La retraite au secours des 35 heures \u00bb, L&rsquo;express, 18 d\u00e9cembre 1997.<\/p>\n","protected":false},"excerpt":{"rendered":"<p>Voici la liste de mes publications. On y trouve \u00e0 la fois des ouvrages, des articles- publi\u00e9s dans des revues \u00e0 comit\u00e9 de lecture et sans comit\u00e9 de lecture &#8211; des parties d&rsquo;ouvrage, des interventions dans des colloques, ainsi que d\u2019autres formes d\u2019expression comme les synth\u00e8ses documentaires et les articles de presse. Le pictogramme \ud83d\udcd6 &hellip; <a href=\"https:\/\/www.robertholcman.net\/index.php\/publications\/\" class=\"more-link\">Continuer la lecture<span class=\"screen-reader-text\"> de &laquo;&nbsp;\u24bd Publications&nbsp;&raquo;<\/span><\/a><\/p>\n","protected":false},"author":1,"featured_media":0,"parent":0,"menu_order":3,"comment_status":"closed","ping_status":"closed","template":"","meta":{"footnotes":""},"class_list":["post-18","page","type-page","status-publish","hentry"],"_links":{"self":[{"href":"https:\/\/www.robertholcman.net\/index.php\/wp-json\/wp\/v2\/pages\/18","targetHints":{"allow":["GET"]}}],"collection":[{"href":"https:\/\/www.robertholcman.net\/index.php\/wp-json\/wp\/v2\/pages"}],"about":[{"href":"https:\/\/www.robertholcman.net\/index.php\/wp-json\/wp\/v2\/types\/page"}],"author":[{"embeddable":true,"href":"https:\/\/www.robertholcman.net\/index.php\/wp-json\/wp\/v2\/users\/1"}],"replies":[{"embeddable":true,"href":"https:\/\/www.robertholcman.net\/index.php\/wp-json\/wp\/v2\/comments?post=18"}],"version-history":[{"count":110,"href":"https:\/\/www.robertholcman.net\/index.php\/wp-json\/wp\/v2\/pages\/18\/revisions"}],"predecessor-version":[{"id":904,"href":"https:\/\/www.robertholcman.net\/index.php\/wp-json\/wp\/v2\/pages\/18\/revisions\/904"}],"wp:attachment":[{"href":"https:\/\/www.robertholcman.net\/index.php\/wp-json\/wp\/v2\/media?parent=18"}],"curies":[{"name":"wp","href":"https:\/\/api.w.org\/{rel}","templated":true}]}}