{"id":16,"date":"2019-10-24T19:56:19","date_gmt":"2019-10-24T17:56:19","guid":{"rendered":"http:\/\/www.robertholcman.net\/\/?page_id=16"},"modified":"2020-03-02T17:21:21","modified_gmt":"2020-03-02T16:21:21","slug":"livres","status":"publish","type":"page","link":"https:\/\/www.robertholcman.net\/index.php\/livres\/","title":{"rendered":"\u24bd Livres"},"content":{"rendered":"\n<p><em>Voici les ouvrages que j\u2019ai publi\u00e9s. Trois d&rsquo;entre eux sont consacr\u00e9s au ch\u00f4mage et \u00e0 l&#8217;emploi ; <\/em> <em>deux sont consacr\u00e9s \u00e0 la question de l&rsquo;euthanasie et du suicide<\/em> ; <em>les autres portent principalement sur l&rsquo;h\u00f4pital et les syst\u00e8mes de sant\u00e9 &#8211; \u00e0 l&rsquo;exception de celui traitant de l&rsquo;\u00e9conomie sociale et solidaire, et celui consacr\u00e9 au management public. Le pictogramme <\/em>\ud83d\udcd6<em> indique que le texte est int\u00e9gralement accessible en cliquant dessus. <\/em><\/p>\n\n\n\n<p style=\"font-size:5px\" class=\"has-text-align-center\">.<\/p>\n\n\n\n<p style=\"font-size:5px\" class=\"has-text-align-center\"> .<br><br><\/p>\n\n\n\n<p>\u25ba <em>Management hospitalier. Manuel de gouvernance et de droit hospitalier<\/em>, 4<sup>\u00e8me<\/sup> \u00e9dition, Paris, <a href=\"https:\/\/www.dunod.com\/\">Dunod<\/a>, 2019.<\/p>\n\n\n\n<p>\u25ba <em>La souffrance des soignants<\/em> (Dir.), Paris, <a href=\"https:\/\/www.dunod.com\/\">Dunod<\/a>, 2018.<\/p>\n\n\n\n<p>\u25ba <em>In\u00e9gaux devant la mort. Droit \u00e0 mourir&nbsp;: l&rsquo;ultime injustice sociale<\/em>, <a href=\"https:\/\/www.dunod.com\/\">Dunod<\/a>, 2015.<\/p>\n\n\n\n<p>\u25ba <em>Economie sociale et solidaire<\/em> (Dir.), Paris, <a href=\"https:\/\/www.dunod.com\/\">Dunod<\/a>, 2015.<\/p>\n\n\n\n<p> \u25ba <em>Management public<\/em> (Dir.), Paris, <a href=\"https:\/\/www.dunod.com\/\">Dunod<\/a>, 2014.<\/p>\n\n\n\n<p>\u25ba <em>Droit hospitalier. Manuel de gouvernance hospitali\u00e8re<\/em>, Paris, <a href=\"http:\/\/boutique.berger-levrault.fr\/\">Berger-Levrault<\/a>, 2010.<\/p>\n\n\n\n<p>\u25ba  Euthanasie, l&rsquo;ultime injustice, <a href=\"http:\/\/www.editions-harmattan.fr\/index.asp?navig=catalogue&amp;obj=livre&amp;no=31288\">L&rsquo;Harmattan<\/a>, Paris, 2010.<\/p>\n\n\n\n<p>\u25ba <em>La fin de l&rsquo;h\u00f4pital public ?<\/em>, Editions&nbsp; Lamarre, Rueil-Malmaison, 2007.<\/p>\n\n\n\n<p>\u25ba <em>Ch\u00f4mage et ch\u00f4meurs<\/em>, <a href=\"http:\/\/www.presses.ehesp.fr\/\">Presses de l&rsquo;EHESP<\/a>, Rennes, 2003.<\/p>\n\n\n\n<p> \u25ba <em>Les 35 heures en 35 questions<\/em> (Dir.), Editions Gammaprim, Paris, 1998.<\/p>\n\n\n\n<p>\u25ba <em>Le Ch\u00f4mage. M\u00e9canismes \u00e9conomiques, cons\u00e9quences sociales et humaines<\/em>,&nbsp; <a rel=\"noreferrer noopener\" href=\"http:\/\/www.ladocumentationfrancaise.fr\/\" target=\"_blank\">La Documentation Fran\u00e7aise<\/a>, Paris, 1997.<\/p>\n","protected":false},"excerpt":{"rendered":"<p>Voici les ouvrages que j\u2019ai publi\u00e9s. Trois d&rsquo;entre eux sont consacr\u00e9s au ch\u00f4mage et \u00e0 l&#8217;emploi ; deux sont consacr\u00e9s \u00e0 la question de l&rsquo;euthanasie et du suicide ; les autres portent principalement sur l&rsquo;h\u00f4pital et les syst\u00e8mes de sant\u00e9 &#8211; \u00e0 l&rsquo;exception de celui traitant de l&rsquo;\u00e9conomie sociale et solidaire, et celui consacr\u00e9 au &hellip; <a href=\"https:\/\/www.robertholcman.net\/index.php\/livres\/\" class=\"more-link\">Continuer la lecture<span class=\"screen-reader-text\"> de &laquo;&nbsp;\u24bd Livres&nbsp;&raquo;<\/span><\/a><\/p>\n","protected":false},"author":1,"featured_media":0,"parent":0,"menu_order":4,"comment_status":"closed","ping_status":"closed","template":"","meta":{"footnotes":""},"class_list":["post-16","page","type-page","status-publish","hentry"],"_links":{"self":[{"href":"https:\/\/www.robertholcman.net\/index.php\/wp-json\/wp\/v2\/pages\/16","targetHints":{"allow":["GET"]}}],"collection":[{"href":"https:\/\/www.robertholcman.net\/index.php\/wp-json\/wp\/v2\/pages"}],"about":[{"href":"https:\/\/www.robertholcman.net\/index.php\/wp-json\/wp\/v2\/types\/page"}],"author":[{"embeddable":true,"href":"https:\/\/www.robertholcman.net\/index.php\/wp-json\/wp\/v2\/users\/1"}],"replies":[{"embeddable":true,"href":"https:\/\/www.robertholcman.net\/index.php\/wp-json\/wp\/v2\/comments?post=16"}],"version-history":[{"count":20,"href":"https:\/\/www.robertholcman.net\/index.php\/wp-json\/wp\/v2\/pages\/16\/revisions"}],"predecessor-version":[{"id":633,"href":"https:\/\/www.robertholcman.net\/index.php\/wp-json\/wp\/v2\/pages\/16\/revisions\/633"}],"wp:attachment":[{"href":"https:\/\/www.robertholcman.net\/index.php\/wp-json\/wp\/v2\/media?parent=16"}],"curies":[{"name":"wp","href":"https:\/\/api.w.org\/{rel}","templated":true}]}}