{"id":14,"date":"2019-10-24T19:55:45","date_gmt":"2019-10-24T17:55:45","guid":{"rendered":"http:\/\/www.robertholcman.net\/\/?page_id=14"},"modified":"2019-12-16T16:47:26","modified_gmt":"2019-12-16T15:47:26","slug":"cv","status":"publish","type":"page","link":"https:\/\/www.robertholcman.net\/index.php\/cv\/","title":{"rendered":"\u24bd Curriculum Vitae"},"content":{"rendered":"\n<p style=\"font-size:5px\" class=\"has-text-align-center\">.<\/p>\n\n\n\n<p style=\"font-size:5px\" class=\"has-text-align-center\">.<\/p>\n\n\n\n<p><strong>FORMATION\/PARCOURS UNIVERSITAIRE<\/strong><br>\u25ba 2010-2014. Qualifi\u00e9 aux fonctions de professeur des universit\u00e9s par le <a href=\"https:\/\/www.conseil-national-des-universites.fr\/cnu\/#\/\">Conseil national des universit\u00e9s<\/a>, section 06, sciences de gestion.<br>\u25ba 2008. Habilitation \u00e0 diriger des recherches &#8211; Sciences de gestion.<br><a href=\"http:\/\/www.dauphine.fr\/\">Universit\u00e9 Paris IX Dauphine<\/a>. <br>\u25ba 2006. Doctorat de Sciences de gestion. <a href=\"http:\/\/www.cnam.fr\/\">Conservatoire national des Arts et M\u00e9tiers<\/a>.<br>\u25ba 2000-2002. <a href=\"http:\/\/www.ehesp.fr\/\">\u00c9cole des hautes \u00e9tudes en Sant\u00e9 publique<\/a>. Formation des directeurs d&rsquo;h\u00f4pital public. <br>\u25ba 1999-2000. Cycle pr\u00e9paratoire au concours d&rsquo;acc\u00e8s \u00e0 l&rsquo;<a href=\"https:\/\/www.ena.fr\/\">\u00c9cole nationale d&rsquo;Administration<\/a>. Ann\u00e9e de pr\u00e9paration aux concours d&rsquo;administrateurs. <br>\u25ba 1987-1990. Institut d&rsquo;\u00e9tudes politiques de Paris (<a href=\"http:\/\/www.sciences-po.fr\/\">Sciences po<\/a>).<br>Section service public &#8211; Droit administratif, \u00e9conomie approfondie, relations internationales. Dipl\u00f4m\u00e9 en 1990. <\/p>\n\n\n\n<p><strong>EXP\u00c9RIENCE PROFESSIONNELLE<\/strong><br>\u25ba Depuis 2009. Direction de l&rsquo;inspection et de l&rsquo;audit ( <a href=\"http:\/\/www.aphp.fr\/\">Assistance publique-H\u00f4pitaux de Paris<\/a>), Paris 4\u00e8me. Auditeur\/inspecteur.<br>\u25ba 2006-2008. <a href=\"http:\/\/www.cnam.fr\/\">Conservatoire national des Arts et M\u00e9tiers<\/a>, Chaire \u00e9conomie et gestion des services de sant\u00e9. Charg\u00e9 de mission.<br>\u25ba 2004-2006. Direction de la recherche, des \u00e9tudes, de l&rsquo;\u00e9valuation et des statistiques (<a href=\"http:\/\/www.sante-sports.gouv.fr\/direction-de-la-recherche-des-etudes-de-l-evaluation-et-des-statistiques-drees,5876.html\">DREES<\/a>), minist\u00e8re de la Sant\u00e9\/minist\u00e8re du Travail. Charg\u00e9 de mission.<br>\u25ba 2003-2004. H\u00f4pital Raymond Poincar\u00e9 (<a href=\"http:\/\/www.aphp.fr\/\">Assistance Publique &#8211; H\u00f4pitaux de Paris<\/a>), Garches (92). Directeur des ressources humaines.<br>\u25ba 2002-2003. H\u00f4pital Beaujon (<a href=\"http:\/\/www.aphp.fr\/\">Assistance Publique &#8211; H\u00f4pitaux de Paris<\/a>), Clichy (92). Directeur des Finances.<br>\u25ba 1992-1999. Revue \u00ab&nbsp;<em>Probl\u00e8mes \u00e9conomiques<\/em>&nbsp;\u00bb, <a href=\"http:\/\/www.ladocumentationfrancaise.fr\/\">La Documentation fran\u00e7aise<\/a>, Paris 7\u00e8me.<\/p>\n\n\n\n<p><strong>ENSEIGNEMENT, EXPERTISE<\/strong> <br>\u25ba 2009-2015. Professeur des universit\u00e9s associ\u00e9 \u00e0 l\u2019<a href=\"https:\/\/www.sciencespobordeaux.fr\/fr\/index.html\">Institut d\u2019\u00e9tudes politiques de Bordeaux<\/a>.<br>\u25ba 2005-2006. Ma\u00eetre de conf\u00e9rences \u00e0 <a href=\"http:\/\/www.sciencespo.fr\/\">Sciences po<\/a> Paris, gestion des ressources humaines dans la fonction publique.<br>\u25ba 2002-2006.  <a href=\"http:\/\/www.cnam.fr\/\">Conservatoire national des Arts et M\u00e9tiers<\/a>, chaire \u00ab\u00a0\u00c9conomie et gestion des services de sant\u00e9\u00a0\u00bb.<br>\u25ba 1997-1999.  Ma\u00eetre de conf\u00e9rences  \u00e0 <a href=\"http:\/\/www.sciencespo.fr\/\">Sciences po<\/a> Paris, droit du travail.<br>\u25ba 2003 . Laur\u00e9at de la <a href=\"http:\/\/www.fnep.org\/\">Fondation nationale Entreprise et performance<\/a>, pour la  mission d\u2019\u00e9tude sur l\u2019articulation entre syst\u00e8mes hospitaliers et m\u00e9canismes de protection sociale en Turquie.<br>\u25ba 1997.  Laur\u00e9at de la <a href=\"http:\/\/www.fnep.org\/\">Fondation nationale Entreprise et performance<\/a> pour la mission consacr\u00e9e aux sp\u00e9cificit\u00e9s du r\u00e9gime d\u2019invalidit\u00e9 au travail des Pays-Bas et ses r\u00e9percussions sur le taux de ch\u00f4mage.<br><strong><br>ACTIVIT\u00c9S EXTRA-PROFESSIONNELLES<\/strong> <br>\u25ba Sculpture contemporaine sur bois et sur pierre. <br>\u25ba Dessin \u00e0 l&rsquo;encre sur papier. <br>\u25ba Photographie<\/p>\n","protected":false},"excerpt":{"rendered":"<p>. . FORMATION\/PARCOURS UNIVERSITAIRE\u25ba 2010-2014. Qualifi\u00e9 aux fonctions de professeur des universit\u00e9s par le Conseil national des universit\u00e9s, section 06, sciences de gestion.\u25ba 2008. Habilitation \u00e0 diriger des recherches &#8211; Sciences de gestion.Universit\u00e9 Paris IX Dauphine. \u25ba 2006. Doctorat de Sciences de gestion. Conservatoire national des Arts et M\u00e9tiers.\u25ba 2000-2002. \u00c9cole des hautes \u00e9tudes en &hellip; <a href=\"https:\/\/www.robertholcman.net\/index.php\/cv\/\" class=\"more-link\">Continuer la lecture<span class=\"screen-reader-text\"> de &laquo;&nbsp;\u24bd Curriculum Vitae&nbsp;&raquo;<\/span><\/a><\/p>\n","protected":false},"author":1,"featured_media":0,"parent":0,"menu_order":2,"comment_status":"closed","ping_status":"closed","template":"","meta":{"footnotes":""},"class_list":["post-14","page","type-page","status-publish","hentry"],"_links":{"self":[{"href":"https:\/\/www.robertholcman.net\/index.php\/wp-json\/wp\/v2\/pages\/14","targetHints":{"allow":["GET"]}}],"collection":[{"href":"https:\/\/www.robertholcman.net\/index.php\/wp-json\/wp\/v2\/pages"}],"about":[{"href":"https:\/\/www.robertholcman.net\/index.php\/wp-json\/wp\/v2\/types\/page"}],"author":[{"embeddable":true,"href":"https:\/\/www.robertholcman.net\/index.php\/wp-json\/wp\/v2\/users\/1"}],"replies":[{"embeddable":true,"href":"https:\/\/www.robertholcman.net\/index.php\/wp-json\/wp\/v2\/comments?post=14"}],"version-history":[{"count":16,"href":"https:\/\/www.robertholcman.net\/index.php\/wp-json\/wp\/v2\/pages\/14\/revisions"}],"predecessor-version":[{"id":592,"href":"https:\/\/www.robertholcman.net\/index.php\/wp-json\/wp\/v2\/pages\/14\/revisions\/592"}],"wp:attachment":[{"href":"https:\/\/www.robertholcman.net\/index.php\/wp-json\/wp\/v2\/media?parent=14"}],"curies":[{"name":"wp","href":"https:\/\/api.w.org\/{rel}","templated":true}]}}